{"id":16375,"date":"2017-01-01T17:48:27","date_gmt":"2017-01-01T16:48:27","guid":{"rendered":"https:\/\/scancoaching.nl\/scancoaching-purpose-protokoll\/"},"modified":"2022-08-18T15:06:15","modified_gmt":"2022-08-18T13:06:15","slug":"scancoaching-purpose-protokoll","status":"publish","type":"page","link":"https:\/\/scancoaching.nl\/de\/scancoaching-purpose-protokoll\/","title":{"rendered":"ScanCoaching Purpose Protokoll"},"content":{"rendered":"\t\t<div data-elementor-type=\"wp-page\" data-elementor-id=\"16375\" class=\"elementor elementor-16375 elementor-894\" data-elementor-post-type=\"page\">\n\t\t\t\t\t\t<section class=\"elementor-section elementor-top-section elementor-element elementor-element-6df87212 elementor-section-boxed elementor-section-height-default elementor-section-height-default\" data-id=\"6df87212\" data-element_type=\"section\" data-e-type=\"section\">\n\t\t\t\t\t\t<div class=\"elementor-container elementor-column-gap-default\">\n\t\t\t\t\t<div class=\"elementor-column elementor-col-100 elementor-top-column elementor-element elementor-element-207361ca\" data-id=\"207361ca\" data-element_type=\"column\" data-e-type=\"column\">\n\t\t\t<div class=\"elementor-widget-wrap elementor-element-populated\">\n\t\t\t\t\t\t<div class=\"elementor-element elementor-element-536a56e9 elementor-widget elementor-widget-text-editor\" data-id=\"536a56e9\" data-element_type=\"widget\" data-e-type=\"widget\" data-widget_type=\"text-editor.default\">\n\t\t\t\t<div class=\"elementor-widget-container\">\n\t\t\t\t\t\t\t\t\t<p>Das Purpose ScanCoaching Protokoll hilft Ihnen (in der Krisensituation), Ihre Leidenschaft wiederzuerlangen. Zu verschiedenen Zeiten sind Sie v\u00f6llig ersch\u00f6pft und Sie k\u00f6nnen nicht mehr die Energie zum Aufladen finden. Die Fragen, die mir in den Sinn kommen, beziehen sich auf das Ziel: &#8222;Bin ich an meinem Platz?&#8220;, &#8222;Tue ich, was ich tun muss?&#8220; und &#8222;Was werde ich hier tun?&#8220;<\/p><p>Es ist Zeit, Bilanz zu ziehen und Ihre Leidenschaft wiederzuentdecken. Was l\u00e4sst Sie immer wieder in die gleiche Falle tappen? W\u00e4hrend des Program of Purpose ScanCoaching werden wir nach den Ursachen Ihrer Wahl suchen. Dies gibt Ihnen einen Einblick in das, was Sie eigentlich wollen. Du entdeckst dich selbst neu und bekommst Werkzeuge, um den Faden wieder aufzunehmen.<\/p><p>Purpose ScanCoaching ist ein Gesamtpaket, das Ihnen hilft, aus dieser Krisensituation herauszukommen und sich komplett auf Ihre neue Zukunft vorzubereiten.<\/p><p>Kurz gesagt, eine Krisensituation, in der Sie sich selten gut f\u00fchlen, Ihr Selbstvertrauen einen Schlag erlitten hat und Sie weniger in der Lage sind, ein gutes (Bewerbungs-) Vorstellungsgespr\u00e4ch zu f\u00fchren.<\/p><p>Dar\u00fcber hinaus ist Purpose ScanCoaching eine gro\u00dfe Hilfe bei der Berufsberatung im Allgemeinen, um eine effektive Antwort auf die dr\u00e4ngende Frage zu erhalten: Ist es noch das, was ich will? Oder wenn Sie wachsen und dadurch Ihr volles Potenzial aus Leidenschaft freisetzen wollen.<\/p><p>In jeder Sitzung wird ein Body-Mind-Scan mit der Psyray-Technologie durchgef\u00fchrt, um den Prozess zu \u00fcberwachen, bei Bedarf anzupassen und in seiner Gesamtheit effektiv zu gestalten.<\/p><p> <\/p><h3>Das Purpose ScanCoaching Protokoll besteht aus den folgenden 5 Schritten:<\/h3><h4>Schritt 1 Der Vitalit\u00e4tsschritt: Wieder in deine Kraft kommen.<\/h4><p>Mit dem Scan im Hinblick darauf, wie Sie gerade in Ihrer Haut sind: Wo sind Sie im Gleichgewicht, wo nicht, wie hoch ist Ihr Stresslevel, gibt es Energielecks und wenn ja, was ist die Ursache daf\u00fcr? Dann werden wir gezielt daran arbeiten, die &#8222;Batterien&#8220; wieder aufzuladen, damit Sie sich wieder in Ihrer eigenen Haut wohlf\u00fchlen und den Rest des Mobilit\u00e4tsprogramms kraftvoll durchlaufen k\u00f6nnen.<\/p><h4>Schritt 2 Der Leistungsschritt: Ihr Potenzial aussch\u00f6pfen<\/h4><p>Wo liegen Ihre Ressourcen und Leistungsbarrieren? Was sind psycho-emotionale Themen und Sabotagemechanismen? Wie ist der Zustand der Handlungsf\u00e4higkeit? psychische Belastbarkeit; das Ausfallrisiko und die Tragf\u00e4higkeit? Das sind Fragen, die wir in diesem Schritt beantworten. Indem wir uns dessen bewusst werden, k\u00f6nnen wir konkrete Schritte unternehmen, um mehr von Ihrem Potenzial freizusetzen und es f\u00fcr eine bessere Leistung zu aktivieren.<\/p><h4>Schritt 3 Der Talentschritt: Ihr einzigartiger Beitrag<\/h4><p>Jeder ist einzigartig mit seinen eigenen Talenten und Qualit\u00e4ten. In diesem Schritt machen wir uns dieser Talente und Qualit\u00e4ten bewusst.<\/p><h4>Schritt 4 Der Inspirationsschritt: Ihre Leidenschaft und Mission<\/h4><p>Aus Leidenschaft zu arbeiten gibt viel Energie. Wo liegt Ihre Leidenschaft? Was ist Ihre einzigartige Mission? In diesem Schritt helfen wir Ihnen, Entscheidungen von Herzen zu treffen, Ihr einzigartiges Geschenk an die Welt. Wir helfen Ihnen, Ihr Leitbild zu formulieren, um aus Ihrer Essenz Folgeschritte im Mobilit\u00e4tsprogramm zu machen.<\/p><h4>Schritt 5 Der Entstehungsschritt: von der Inspiration zur Realisierung<\/h4><p>Jetzt, da Sie lebenswichtig sind, in Ihrer Macht stehen, Ihr Potenzial freigesetzt haben, wissen, wo Ihre Leidenschaft liegt und was Ihre Mission ist, erstellen wir einen konkreten Aktionsplan. Als Dirigent Ihres Arbeitslebens setzen Sie mit neuer Energie, Leidenschaft und Inspiration gezielt weichen, um ein inspirierendes Arbeitsumfeld zu schaffen, in dem Sie ihr Bestes geben k\u00f6nnen. Dies ist eine leistungsstarke Basis f\u00fcr den weiteren Prozess Ihres Jobmarketings.<\/p>\t\t\t\t\t\t\t\t<\/div>\n\t\t\t\t<\/div>\n\t\t\t\t\t<\/div>\n\t\t<\/div>\n\t\t\t\t\t<\/div>\n\t\t<\/section>\n\t\t\t\t<section class=\"elementor-section elementor-top-section elementor-element elementor-element-dccca1a elementor-section-boxed elementor-section-height-default elementor-section-height-default\" data-id=\"dccca1a\" data-element_type=\"section\" data-e-type=\"section\">\n\t\t\t\t\t\t<div class=\"elementor-container elementor-column-gap-default\">\n\t\t\t\t\t<div class=\"elementor-column elementor-col-100 elementor-top-column elementor-element elementor-element-ebd8233\" data-id=\"ebd8233\" data-element_type=\"column\" data-e-type=\"column\">\n\t\t\t<div class=\"elementor-widget-wrap elementor-element-populated\">\n\t\t\t\t\t\t<div class=\"elementor-element elementor-element-dfa7d6a elementor-position-left elementor-vertical-align-top elementor-widget elementor-widget-image-box\" data-id=\"dfa7d6a\" data-element_type=\"widget\" data-e-type=\"widget\" data-widget_type=\"image-box.default\">\n\t\t\t\t<div class=\"elementor-widget-container\">\n\t\t\t\t\t<div class=\"elementor-image-box-wrapper\"><figure class=\"elementor-image-box-img\"><img fetchpriority=\"high\" decoding=\"async\" width=\"2356\" height=\"1686\" src=\"https:\/\/scancoaching.nl\/wp-content\/uploads\/2020\/09\/Schermafbeelding-2019-11-28-om-21.33.38.png\" class=\"attachment-full size-full wp-image-15487\" alt=\"\" srcset=\"https:\/\/scancoaching.nl\/wp-content\/uploads\/2020\/09\/Schermafbeelding-2019-11-28-om-21.33.38.png 2356w, https:\/\/scancoaching.nl\/wp-content\/uploads\/2020\/09\/Schermafbeelding-2019-11-28-om-21.33.38-300x215.png 300w, https:\/\/scancoaching.nl\/wp-content\/uploads\/2020\/09\/Schermafbeelding-2019-11-28-om-21.33.38-700x501.png 700w, https:\/\/scancoaching.nl\/wp-content\/uploads\/2020\/09\/Schermafbeelding-2019-11-28-om-21.33.38-768x550.png 768w, https:\/\/scancoaching.nl\/wp-content\/uploads\/2020\/09\/Schermafbeelding-2019-11-28-om-21.33.38-1536x1099.png 1536w, https:\/\/scancoaching.nl\/wp-content\/uploads\/2020\/09\/Schermafbeelding-2019-11-28-om-21.33.38-2048x1466.png 2048w\" sizes=\"(max-width: 2356px) 100vw, 2356px\" \/><\/figure><div class=\"elementor-image-box-content\"><h4 class=\"elementor-image-box-title\">Arbeitsbuch Purpose ScanCoaching<\/h4><p class=\"elementor-image-box-description\">Alle Gesch\u00e4ftsprotokolle werden von einer Arbeitsmappe f\u00fcr den Kunden geleitet. Die 5 Sitzungen k\u00f6nnen nachverfolgt werden. Der Client schreibt seinen eigenen Bericht. Es gibt auch detaillierte \u00dcbungen, die in das Protokoll passen und eine Erkl\u00e4rung der ScanCoaching-Methodik.<\/p><\/div><\/div>\t\t\t\t<\/div>\n\t\t\t\t<\/div>\n\t\t\t\t\t<\/div>\n\t\t<\/div>\n\t\t\t\t\t<\/div>\n\t\t<\/section>\n\t\t\t\t<\/div>\n\t\t","protected":false},"excerpt":{"rendered":"<p>Das Purpose ScanCoaching Protokoll hilft Ihnen (in der Krisensituation), Ihre Leidenschaft wiederzuerlangen. Zu verschiedenen Zeiten sind Sie v\u00f6llig ersch\u00f6pft und Sie k\u00f6nnen nicht mehr die Energie zum Aufladen finden. Die Fragen, die mir in den Sinn kommen, beziehen sich auf das Ziel: &#8222;Bin ich an meinem Platz?&#8220;, &#8222;Tue ich, was ich tun muss?&#8220; und &#8222;Was [&hellip;]<\/p>\n","protected":false},"author":1,"featured_media":15356,"parent":0,"menu_order":23,"comment_status":"closed","ping_status":"closed","template":"","meta":{"_monsterinsights_skip_tracking":false,"_monsterinsights_sitenote_active":false,"_monsterinsights_sitenote_note":"","_monsterinsights_sitenote_category":0,"footnotes":""},"class_list":["post-16375","page","type-page","status-publish","has-post-thumbnail","hentry"],"yoast_head":"<!-- This site is optimized with the Yoast SEO plugin v27.5 - https:\/\/yoast.com\/product\/yoast-seo-wordpress\/ -->\n<title>ScanCoaching Purpose Protokoll - ScanCoaching<\/title>\n<meta name=\"robots\" content=\"index, follow, max-snippet:-1, max-image-preview:large, max-video-preview:-1\" \/>\n<link rel=\"canonical\" href=\"https:\/\/scancoaching.nl\/de\/scancoaching-purpose-protokoll\/\" \/>\n<meta property=\"og:locale\" content=\"de_DE\" \/>\n<meta property=\"og:type\" content=\"article\" \/>\n<meta property=\"og:title\" content=\"ScanCoaching Purpose Protokoll - ScanCoaching\" \/>\n<meta property=\"og:description\" content=\"Das Purpose ScanCoaching Protokoll hilft Ihnen (in der Krisensituation), Ihre Leidenschaft wiederzuerlangen. Zu verschiedenen Zeiten sind Sie v\u00f6llig ersch\u00f6pft und Sie k\u00f6nnen nicht mehr die Energie zum Aufladen finden. Die Fragen, die mir in den Sinn kommen, beziehen sich auf das Ziel: &#8222;Bin ich an meinem Platz?&#8220;, &#8222;Tue ich, was ich tun muss?&#8220; und &#8222;Was [&hellip;]\" \/>\n<meta property=\"og:url\" content=\"https:\/\/scancoaching.nl\/de\/scancoaching-purpose-protokoll\/\" \/>\n<meta property=\"og:site_name\" content=\"ScanCoaching\" \/>\n<meta property=\"article:publisher\" content=\"https:\/\/www.facebook.com\/ScanCoaching\/\" \/>\n<meta property=\"article:modified_time\" content=\"2022-08-18T13:06:15+00:00\" \/>\n<meta property=\"og:image\" content=\"https:\/\/scancoaching.nl\/wp-content\/uploads\/2018\/11\/Banner-1920x1080boom-koppel.jpg\" \/>\n\t<meta property=\"og:image:width\" content=\"1920\" \/>\n\t<meta property=\"og:image:height\" content=\"1080\" \/>\n\t<meta property=\"og:image:type\" content=\"image\/jpeg\" \/>\n<meta name=\"twitter:card\" content=\"summary_large_image\" \/>\n<meta name=\"twitter:label1\" content=\"Gesch\u00e4tzte Lesezeit\" \/>\n\t<meta name=\"twitter:data1\" content=\"3\u00a0Minuten\" \/>\n<script type=\"application\/ld+json\" class=\"yoast-schema-graph\">{\"@context\":\"https:\\\/\\\/schema.org\",\"@graph\":[{\"@type\":\"WebPage\",\"@id\":\"https:\\\/\\\/scancoaching.nl\\\/de\\\/scancoaching-purpose-protokoll\\\/\",\"url\":\"https:\\\/\\\/scancoaching.nl\\\/de\\\/scancoaching-purpose-protokoll\\\/\",\"name\":\"ScanCoaching Purpose Protokoll - ScanCoaching\",\"isPartOf\":{\"@id\":\"https:\\\/\\\/scancoaching.nl\\\/de\\\/#website\"},\"primaryImageOfPage\":{\"@id\":\"https:\\\/\\\/scancoaching.nl\\\/de\\\/scancoaching-purpose-protokoll\\\/#primaryimage\"},\"image\":{\"@id\":\"https:\\\/\\\/scancoaching.nl\\\/de\\\/scancoaching-purpose-protokoll\\\/#primaryimage\"},\"thumbnailUrl\":\"https:\\\/\\\/scancoaching.nl\\\/wp-content\\\/uploads\\\/2018\\\/11\\\/Banner-1920x1080boom-koppel.jpg\",\"datePublished\":\"2017-01-01T16:48:27+00:00\",\"dateModified\":\"2022-08-18T13:06:15+00:00\",\"breadcrumb\":{\"@id\":\"https:\\\/\\\/scancoaching.nl\\\/de\\\/scancoaching-purpose-protokoll\\\/#breadcrumb\"},\"inLanguage\":\"de\",\"potentialAction\":[{\"@type\":\"ReadAction\",\"target\":[\"https:\\\/\\\/scancoaching.nl\\\/de\\\/scancoaching-purpose-protokoll\\\/\"]}]},{\"@type\":\"ImageObject\",\"inLanguage\":\"de\",\"@id\":\"https:\\\/\\\/scancoaching.nl\\\/de\\\/scancoaching-purpose-protokoll\\\/#primaryimage\",\"url\":\"https:\\\/\\\/scancoaching.nl\\\/wp-content\\\/uploads\\\/2018\\\/11\\\/Banner-1920x1080boom-koppel.jpg\",\"contentUrl\":\"https:\\\/\\\/scancoaching.nl\\\/wp-content\\\/uploads\\\/2018\\\/11\\\/Banner-1920x1080boom-koppel.jpg\",\"width\":1920,\"height\":1080},{\"@type\":\"BreadcrumbList\",\"@id\":\"https:\\\/\\\/scancoaching.nl\\\/de\\\/scancoaching-purpose-protokoll\\\/#breadcrumb\",\"itemListElement\":[{\"@type\":\"ListItem\",\"position\":1,\"name\":\"Home\",\"item\":\"https:\\\/\\\/scancoaching.nl\\\/de\\\/\"},{\"@type\":\"ListItem\",\"position\":2,\"name\":\"ScanCoaching Purpose Protokoll\"}]},{\"@type\":\"WebSite\",\"@id\":\"https:\\\/\\\/scancoaching.nl\\\/de\\\/#website\",\"url\":\"https:\\\/\\\/scancoaching.nl\\\/de\\\/\",\"name\":\"ScanCoaching Nederland BV\",\"description\":\"Snel, diepgaand en razend effectief!\",\"publisher\":{\"@id\":\"https:\\\/\\\/scancoaching.nl\\\/de\\\/#organization\"},\"potentialAction\":[{\"@type\":\"SearchAction\",\"target\":{\"@type\":\"EntryPoint\",\"urlTemplate\":\"https:\\\/\\\/scancoaching.nl\\\/de\\\/?s={search_term_string}\"},\"query-input\":{\"@type\":\"PropertyValueSpecification\",\"valueRequired\":true,\"valueName\":\"search_term_string\"}}],\"inLanguage\":\"de\"},{\"@type\":\"Organization\",\"@id\":\"https:\\\/\\\/scancoaching.nl\\\/de\\\/#organization\",\"name\":\"ScanCoaching Nederland BV\",\"url\":\"https:\\\/\\\/scancoaching.nl\\\/de\\\/\",\"logo\":{\"@type\":\"ImageObject\",\"inLanguage\":\"de\",\"@id\":\"https:\\\/\\\/scancoaching.nl\\\/de\\\/#\\\/schema\\\/logo\\\/image\\\/\",\"url\":\"https:\\\/\\\/scancoaching.nl\\\/wp-content\\\/uploads\\\/2022\\\/08\\\/ScanCoaching-logo-2000x290-1.png\",\"contentUrl\":\"https:\\\/\\\/scancoaching.nl\\\/wp-content\\\/uploads\\\/2022\\\/08\\\/ScanCoaching-logo-2000x290-1.png\",\"width\":2000,\"height\":290,\"caption\":\"ScanCoaching Nederland BV\"},\"image\":{\"@id\":\"https:\\\/\\\/scancoaching.nl\\\/de\\\/#\\\/schema\\\/logo\\\/image\\\/\"},\"sameAs\":[\"https:\\\/\\\/www.facebook.com\\\/ScanCoaching\\\/\",\"https:\\\/\\\/www.linkedin.com\\\/in\\\/markovanderbeek\\\/\"]}]}<\/script>\n<!-- \/ Yoast SEO plugin. -->","yoast_head_json":{"title":"ScanCoaching Purpose Protokoll - ScanCoaching","robots":{"index":"index","follow":"follow","max-snippet":"max-snippet:-1","max-image-preview":"max-image-preview:large","max-video-preview":"max-video-preview:-1"},"canonical":"https:\/\/scancoaching.nl\/de\/scancoaching-purpose-protokoll\/","og_locale":"de_DE","og_type":"article","og_title":"ScanCoaching Purpose Protokoll - ScanCoaching","og_description":"Das Purpose ScanCoaching Protokoll hilft Ihnen (in der Krisensituation), Ihre Leidenschaft wiederzuerlangen. Zu verschiedenen Zeiten sind Sie v\u00f6llig ersch\u00f6pft und Sie k\u00f6nnen nicht mehr die Energie zum Aufladen finden. Die Fragen, die mir in den Sinn kommen, beziehen sich auf das Ziel: &#8222;Bin ich an meinem Platz?&#8220;, &#8222;Tue ich, was ich tun muss?&#8220; und &#8222;Was [&hellip;]","og_url":"https:\/\/scancoaching.nl\/de\/scancoaching-purpose-protokoll\/","og_site_name":"ScanCoaching","article_publisher":"https:\/\/www.facebook.com\/ScanCoaching\/","article_modified_time":"2022-08-18T13:06:15+00:00","og_image":[{"width":1920,"height":1080,"url":"https:\/\/scancoaching.nl\/wp-content\/uploads\/2018\/11\/Banner-1920x1080boom-koppel.jpg","type":"image\/jpeg"}],"twitter_card":"summary_large_image","twitter_misc":{"Gesch\u00e4tzte Lesezeit":"3\u00a0Minuten"},"schema":{"@context":"https:\/\/schema.org","@graph":[{"@type":"WebPage","@id":"https:\/\/scancoaching.nl\/de\/scancoaching-purpose-protokoll\/","url":"https:\/\/scancoaching.nl\/de\/scancoaching-purpose-protokoll\/","name":"ScanCoaching Purpose Protokoll - ScanCoaching","isPartOf":{"@id":"https:\/\/scancoaching.nl\/de\/#website"},"primaryImageOfPage":{"@id":"https:\/\/scancoaching.nl\/de\/scancoaching-purpose-protokoll\/#primaryimage"},"image":{"@id":"https:\/\/scancoaching.nl\/de\/scancoaching-purpose-protokoll\/#primaryimage"},"thumbnailUrl":"https:\/\/scancoaching.nl\/wp-content\/uploads\/2018\/11\/Banner-1920x1080boom-koppel.jpg","datePublished":"2017-01-01T16:48:27+00:00","dateModified":"2022-08-18T13:06:15+00:00","breadcrumb":{"@id":"https:\/\/scancoaching.nl\/de\/scancoaching-purpose-protokoll\/#breadcrumb"},"inLanguage":"de","potentialAction":[{"@type":"ReadAction","target":["https:\/\/scancoaching.nl\/de\/scancoaching-purpose-protokoll\/"]}]},{"@type":"ImageObject","inLanguage":"de","@id":"https:\/\/scancoaching.nl\/de\/scancoaching-purpose-protokoll\/#primaryimage","url":"https:\/\/scancoaching.nl\/wp-content\/uploads\/2018\/11\/Banner-1920x1080boom-koppel.jpg","contentUrl":"https:\/\/scancoaching.nl\/wp-content\/uploads\/2018\/11\/Banner-1920x1080boom-koppel.jpg","width":1920,"height":1080},{"@type":"BreadcrumbList","@id":"https:\/\/scancoaching.nl\/de\/scancoaching-purpose-protokoll\/#breadcrumb","itemListElement":[{"@type":"ListItem","position":1,"name":"Home","item":"https:\/\/scancoaching.nl\/de\/"},{"@type":"ListItem","position":2,"name":"ScanCoaching Purpose Protokoll"}]},{"@type":"WebSite","@id":"https:\/\/scancoaching.nl\/de\/#website","url":"https:\/\/scancoaching.nl\/de\/","name":"ScanCoaching Nederland BV","description":"Snel, diepgaand en razend effectief!","publisher":{"@id":"https:\/\/scancoaching.nl\/de\/#organization"},"potentialAction":[{"@type":"SearchAction","target":{"@type":"EntryPoint","urlTemplate":"https:\/\/scancoaching.nl\/de\/?s={search_term_string}"},"query-input":{"@type":"PropertyValueSpecification","valueRequired":true,"valueName":"search_term_string"}}],"inLanguage":"de"},{"@type":"Organization","@id":"https:\/\/scancoaching.nl\/de\/#organization","name":"ScanCoaching Nederland BV","url":"https:\/\/scancoaching.nl\/de\/","logo":{"@type":"ImageObject","inLanguage":"de","@id":"https:\/\/scancoaching.nl\/de\/#\/schema\/logo\/image\/","url":"https:\/\/scancoaching.nl\/wp-content\/uploads\/2022\/08\/ScanCoaching-logo-2000x290-1.png","contentUrl":"https:\/\/scancoaching.nl\/wp-content\/uploads\/2022\/08\/ScanCoaching-logo-2000x290-1.png","width":2000,"height":290,"caption":"ScanCoaching Nederland BV"},"image":{"@id":"https:\/\/scancoaching.nl\/de\/#\/schema\/logo\/image\/"},"sameAs":["https:\/\/www.facebook.com\/ScanCoaching\/","https:\/\/www.linkedin.com\/in\/markovanderbeek\/"]}]}},"jetpack_sharing_enabled":true,"_links":{"self":[{"href":"https:\/\/scancoaching.nl\/de\/wp-json\/wp\/v2\/pages\/16375","targetHints":{"allow":["GET"]}}],"collection":[{"href":"https:\/\/scancoaching.nl\/de\/wp-json\/wp\/v2\/pages"}],"about":[{"href":"https:\/\/scancoaching.nl\/de\/wp-json\/wp\/v2\/types\/page"}],"author":[{"embeddable":true,"href":"https:\/\/scancoaching.nl\/de\/wp-json\/wp\/v2\/users\/1"}],"replies":[{"embeddable":true,"href":"https:\/\/scancoaching.nl\/de\/wp-json\/wp\/v2\/comments?post=16375"}],"version-history":[{"count":3,"href":"https:\/\/scancoaching.nl\/de\/wp-json\/wp\/v2\/pages\/16375\/revisions"}],"predecessor-version":[{"id":19304,"href":"https:\/\/scancoaching.nl\/de\/wp-json\/wp\/v2\/pages\/16375\/revisions\/19304"}],"wp:featuredmedia":[{"embeddable":true,"href":"https:\/\/scancoaching.nl\/de\/wp-json\/wp\/v2\/media\/15356"}],"wp:attachment":[{"href":"https:\/\/scancoaching.nl\/de\/wp-json\/wp\/v2\/media?parent=16375"}],"curies":[{"name":"wp","href":"https:\/\/api.w.org\/{rel}","templated":true}]}}