{"id":16379,"date":"2017-01-01T17:47:00","date_gmt":"2017-01-01T16:47:00","guid":{"rendered":"https:\/\/scancoaching.nl\/scancoaching-vitality-protokoll\/"},"modified":"2022-08-18T15:06:15","modified_gmt":"2022-08-18T13:06:15","slug":"scancoaching-vitality-protokoll","status":"publish","type":"page","link":"https:\/\/scancoaching.nl\/de\/scancoaching-vitality-protokoll\/","title":{"rendered":"ScanCoaching Vitality Protokoll"},"content":{"rendered":"\t\t<div data-elementor-type=\"wp-page\" data-elementor-id=\"16379\" class=\"elementor elementor-16379 elementor-893\" data-elementor-post-type=\"page\">\n\t\t\t\t\t\t<section class=\"elementor-section elementor-top-section elementor-element elementor-element-24911a91 elementor-section-boxed elementor-section-height-default elementor-section-height-default\" data-id=\"24911a91\" data-element_type=\"section\" data-e-type=\"section\">\n\t\t\t\t\t\t<div class=\"elementor-container elementor-column-gap-default\">\n\t\t\t\t\t<div class=\"elementor-column elementor-col-100 elementor-top-column elementor-element elementor-element-17e842b4\" data-id=\"17e842b4\" data-element_type=\"column\" data-e-type=\"column\">\n\t\t\t<div class=\"elementor-widget-wrap elementor-element-populated\">\n\t\t\t\t\t\t<div class=\"elementor-element elementor-element-f8d9ea8 elementor-widget elementor-widget-text-editor\" data-id=\"f8d9ea8\" data-element_type=\"widget\" data-e-type=\"widget\" data-widget_type=\"text-editor.default\">\n\t\t\t\t<div class=\"elementor-widget-container\">\n\t\t\t\t\t\t\t\t\t<p>Auf dem heutigen Markt machen Sie als motivierter und vitaler Profi den Unterschied. Als erfolgreicher Mitarbeiter, der es besser oder anders macht. Mit einer gesunden Portion Energie und Tatendrang. Wer wagt es, sich zu \u00fcbertreffen und wagt es, sich \u00fcber das Bodenniveau zu erheben, damit Arbeitgeber wieder aufbauen und kreativ Gesch\u00e4fte machen k\u00f6nnen.<\/p><p>Doch leider zeigt die Realit\u00e4t, dass in der aktuellen hektischen Zeit diese Vitalit\u00e4t f\u00fcr viele Profis unter Druck steht. Beschwerden wie M\u00fcdigkeit, Ersch\u00f6pfung und Stress scheinen eher die Regel als die Ausnahme zu sein. Laut aktuellen Studien der Stanford University und des American Stress Institute sind 90% aller Krankheiten stressbedingt. Dar\u00fcber hinaus sind 40% aller Fehlzeiten direkt auf Stress zur\u00fcckzuf\u00fchren, was auch in den Niederlanden der Fall ist (Quelle: CBS).<\/p><p>Als Profi in einer Organisation k\u00f6nnen Sie viele eingehende Aktionsausl\u00f6ser pro Tag \u00fcber pers\u00f6nliche Nachrichten, E-Mails, Textnachrichten, Briefpost, Telefon, Fax usw. verarbeiten. Aber das ist noch nicht alles, abh\u00e4ngig von Ihrer Position: Kunden f\u00fchren, St\u00fccke schreiben, Zeitpl\u00e4ne, Budgets erstellen, den \u00dcberblick \u00fcber Fachliteratur behalten, Akquisition, Marathons erf\u00fcllen, politische Notizen machen, Ziele erreichen &#8230; und vieles mehr.<\/p><p>Kurzum: Arbeiten wird immer mehr zum Spitzensport. Das ist eine fantastische Herausforderung, aber als Profi muss man mit der richtigen (Top-)Kondition ausgestattet sein, um diese Herausforderungen weiterhin effektiv anzunehmen, damit es nicht zu einem &#8222;Tobsport&#8220; wird.<\/p><p>Das Vitality ScanCoaching Protokoll kann eine leistungsstarke Antwort sein, um Ihre Vitalit\u00e4t und Leistung als Profi messbar und greifbar auf ein optimales Niveau zu bringen.<span style=\"color: var( --e-global-color-text );\">Was ist Vitalit\u00e4t? Vitalit\u00e4t ist Lebenskraft. Vital zu sein bedeutet, belastbar und kreativ mit \u00e4u\u00dferen Einfl\u00fcssen umzugehen. Vitalit\u00e4t ist eine Frage der verf\u00fcgbaren Energie. Wenn Energie reichlich und ungehindert vorhanden ist, dann wird ein optimaler Austausch zwischen K\u00f6rper und Geist das Ergebnis sein, damit Sie in Ihrer Arbeit optimal arbeiten k\u00f6nnen. Das ist das Ziel des Vitality ScanCoaching.<\/span><\/p><p>In der Praxis bedeutet Vitalit\u00e4t zu sein, dass Sie sicherstellen m\u00fcssen, dass Ihre physischen, emotionalen, mentalen und spirituellen &#8222;Batterien&#8220; optimal gef\u00fcllt sind. Daran arbeiten wir im Vitality ScanCoaching.<\/p><p>Mit der Psyray-Technologie sind wir in der Lage, in kurzer Zeit ein detailliertes Bild Ihrer aktuellen Vitalit\u00e4t (und m\u00f6glichen Stressbelastung) auf allen Organebenen, Zellen und Chromosomen darzustellen. Basierend auf diesem Scan erstellen Sie und Ihr ScanCoach einen Vitality Plan, den Sie f\u00fcr machbar halten.<\/p><p>Auf diese Weise k\u00f6nnen wir Ihnen helfen, Ihr Vitalit\u00e4tsziel zu erreichen, damit Sie in Ihrer Arbeit &#8222;auf dem Laufenden&#8220; bleiben.<\/p><p> <\/p><h4>Die Struktur des Vitality ScanCoaching Protokolls<\/h4><p>Das Vitality ScanCoaching Protokoll besteht aus 5 Sitzungen \u00e0 2 Stunden:<\/p><p>Session 1: Ziele setzen, Stressoren kartieren, Vitalit\u00e4tsbild.<br \/>Session 2: Kurzfristige Vitalit\u00e4tsverbesserung.<br \/>Sitzung 3: Langfristige Verbesserung: Ihr pers\u00f6nlicher Energieplan (PEP!).<br \/>Session 4: Manipulationsmechanismen \u00fcberwinden, Energielecks stopfen.<br \/>Session 5: Vertiefung und Vervollst\u00e4ndigung.<\/p>\t\t\t\t\t\t\t\t<\/div>\n\t\t\t\t<\/div>\n\t\t\t\t\t<\/div>\n\t\t<\/div>\n\t\t\t\t\t<\/div>\n\t\t<\/section>\n\t\t\t\t<section class=\"elementor-section elementor-top-section elementor-element elementor-element-3ce5963 elementor-section-boxed elementor-section-height-default elementor-section-height-default\" data-id=\"3ce5963\" data-element_type=\"section\" data-e-type=\"section\">\n\t\t\t\t\t\t<div class=\"elementor-container elementor-column-gap-default\">\n\t\t\t\t\t<div class=\"elementor-column elementor-col-100 elementor-top-column elementor-element elementor-element-24c8325\" data-id=\"24c8325\" data-element_type=\"column\" data-e-type=\"column\">\n\t\t\t<div class=\"elementor-widget-wrap elementor-element-populated\">\n\t\t\t\t\t\t<div class=\"elementor-element elementor-element-cf76bb8 elementor-position-left elementor-vertical-align-top elementor-widget elementor-widget-image-box\" data-id=\"cf76bb8\" data-element_type=\"widget\" data-e-type=\"widget\" data-widget_type=\"image-box.default\">\n\t\t\t\t<div class=\"elementor-widget-container\">\n\t\t\t\t\t<div class=\"elementor-image-box-wrapper\"><figure class=\"elementor-image-box-img\"><img fetchpriority=\"high\" decoding=\"async\" width=\"2346\" height=\"1688\" src=\"https:\/\/scancoaching.nl\/wp-content\/uploads\/2020\/09\/Schermafbeelding-2019-11-28-om-21.33.19.png\" class=\"attachment-full size-full wp-image-15489\" alt=\"\" srcset=\"https:\/\/scancoaching.nl\/wp-content\/uploads\/2020\/09\/Schermafbeelding-2019-11-28-om-21.33.19.png 2346w, https:\/\/scancoaching.nl\/wp-content\/uploads\/2020\/09\/Schermafbeelding-2019-11-28-om-21.33.19-300x216.png 300w, https:\/\/scancoaching.nl\/wp-content\/uploads\/2020\/09\/Schermafbeelding-2019-11-28-om-21.33.19-700x504.png 700w, https:\/\/scancoaching.nl\/wp-content\/uploads\/2020\/09\/Schermafbeelding-2019-11-28-om-21.33.19-768x553.png 768w, https:\/\/scancoaching.nl\/wp-content\/uploads\/2020\/09\/Schermafbeelding-2019-11-28-om-21.33.19-1536x1105.png 1536w, https:\/\/scancoaching.nl\/wp-content\/uploads\/2020\/09\/Schermafbeelding-2019-11-28-om-21.33.19-2048x1474.png 2048w\" sizes=\"(max-width: 2346px) 100vw, 2346px\" \/><\/figure><div class=\"elementor-image-box-content\"><h4 class=\"elementor-image-box-title\">Arbeitsbuch Vitality ScanCoaching<\/h4><p class=\"elementor-image-box-description\">Alle Gesch\u00e4ftsprotokolle werden von einer Arbeitsmappe f\u00fcr den Kunden geleitet. Die 5 Sitzungen k\u00f6nnen nachverfolgt werden. Der Client schreibt seinen eigenen Bericht. Es gibt auch detaillierte \u00dcbungen, die in das Protokoll passen und eine Erkl\u00e4rung der ScanCoaching-Methodik.<\/p><\/div><\/div>\t\t\t\t<\/div>\n\t\t\t\t<\/div>\n\t\t\t\t\t<\/div>\n\t\t<\/div>\n\t\t\t\t\t<\/div>\n\t\t<\/section>\n\t\t\t\t<\/div>\n\t\t","protected":false},"excerpt":{"rendered":"<p>Auf dem heutigen Markt machen Sie als motivierter und vitaler Profi den Unterschied. Als erfolgreicher Mitarbeiter, der es besser oder anders macht. Mit einer gesunden Portion Energie und Tatendrang. Wer wagt es, sich zu \u00fcbertreffen und wagt es, sich \u00fcber das Bodenniveau zu erheben, damit Arbeitgeber wieder aufbauen und kreativ Gesch\u00e4fte machen k\u00f6nnen. Doch leider [&hellip;]<\/p>\n","protected":false},"author":1,"featured_media":15357,"parent":0,"menu_order":17,"comment_status":"closed","ping_status":"closed","template":"","meta":{"_monsterinsights_skip_tracking":false,"_monsterinsights_sitenote_active":false,"_monsterinsights_sitenote_note":"","_monsterinsights_sitenote_category":0,"footnotes":""},"class_list":["post-16379","page","type-page","status-publish","has-post-thumbnail","hentry"],"yoast_head":"<!-- This site is optimized with the Yoast SEO plugin v27.4 - https:\/\/yoast.com\/product\/yoast-seo-wordpress\/ -->\n<title>ScanCoaching Vitality Protokoll - ScanCoaching<\/title>\n<meta name=\"robots\" content=\"index, follow, max-snippet:-1, max-image-preview:large, max-video-preview:-1\" \/>\n<link rel=\"canonical\" href=\"https:\/\/scancoaching.nl\/de\/scancoaching-vitality-protokoll\/\" \/>\n<meta property=\"og:locale\" content=\"de_DE\" \/>\n<meta property=\"og:type\" content=\"article\" \/>\n<meta property=\"og:title\" content=\"ScanCoaching Vitality Protokoll - ScanCoaching\" \/>\n<meta property=\"og:description\" content=\"Auf dem heutigen Markt machen Sie als motivierter und vitaler Profi den Unterschied. Als erfolgreicher Mitarbeiter, der es besser oder anders macht. Mit einer gesunden Portion Energie und Tatendrang. Wer wagt es, sich zu \u00fcbertreffen und wagt es, sich \u00fcber das Bodenniveau zu erheben, damit Arbeitgeber wieder aufbauen und kreativ Gesch\u00e4fte machen k\u00f6nnen. Doch leider [&hellip;]\" \/>\n<meta property=\"og:url\" content=\"https:\/\/scancoaching.nl\/de\/scancoaching-vitality-protokoll\/\" \/>\n<meta property=\"og:site_name\" content=\"ScanCoaching\" \/>\n<meta property=\"article:publisher\" content=\"https:\/\/www.facebook.com\/ScanCoaching\/\" \/>\n<meta property=\"article:modified_time\" content=\"2022-08-18T13:06:15+00:00\" \/>\n<meta property=\"og:image\" content=\"https:\/\/scancoaching.nl\/wp-content\/uploads\/2018\/11\/Banner-1920x1080-man-zittend-oranje.jpg\" \/>\n\t<meta property=\"og:image:width\" content=\"1920\" \/>\n\t<meta property=\"og:image:height\" content=\"1080\" \/>\n\t<meta property=\"og:image:type\" content=\"image\/jpeg\" \/>\n<meta name=\"twitter:card\" content=\"summary_large_image\" \/>\n<meta name=\"twitter:label1\" content=\"Gesch\u00e4tzte Lesezeit\" \/>\n\t<meta name=\"twitter:data1\" content=\"3\u00a0Minuten\" \/>\n<script type=\"application\/ld+json\" class=\"yoast-schema-graph\">{\"@context\":\"https:\\\/\\\/schema.org\",\"@graph\":[{\"@type\":\"WebPage\",\"@id\":\"https:\\\/\\\/scancoaching.nl\\\/de\\\/scancoaching-vitality-protokoll\\\/\",\"url\":\"https:\\\/\\\/scancoaching.nl\\\/de\\\/scancoaching-vitality-protokoll\\\/\",\"name\":\"ScanCoaching Vitality Protokoll - ScanCoaching\",\"isPartOf\":{\"@id\":\"https:\\\/\\\/scancoaching.nl\\\/de\\\/#website\"},\"primaryImageOfPage\":{\"@id\":\"https:\\\/\\\/scancoaching.nl\\\/de\\\/scancoaching-vitality-protokoll\\\/#primaryimage\"},\"image\":{\"@id\":\"https:\\\/\\\/scancoaching.nl\\\/de\\\/scancoaching-vitality-protokoll\\\/#primaryimage\"},\"thumbnailUrl\":\"https:\\\/\\\/scancoaching.nl\\\/wp-content\\\/uploads\\\/2018\\\/11\\\/Banner-1920x1080-man-zittend-oranje.jpg\",\"datePublished\":\"2017-01-01T16:47:00+00:00\",\"dateModified\":\"2022-08-18T13:06:15+00:00\",\"breadcrumb\":{\"@id\":\"https:\\\/\\\/scancoaching.nl\\\/de\\\/scancoaching-vitality-protokoll\\\/#breadcrumb\"},\"inLanguage\":\"de\",\"potentialAction\":[{\"@type\":\"ReadAction\",\"target\":[\"https:\\\/\\\/scancoaching.nl\\\/de\\\/scancoaching-vitality-protokoll\\\/\"]}]},{\"@type\":\"ImageObject\",\"inLanguage\":\"de\",\"@id\":\"https:\\\/\\\/scancoaching.nl\\\/de\\\/scancoaching-vitality-protokoll\\\/#primaryimage\",\"url\":\"https:\\\/\\\/scancoaching.nl\\\/wp-content\\\/uploads\\\/2018\\\/11\\\/Banner-1920x1080-man-zittend-oranje.jpg\",\"contentUrl\":\"https:\\\/\\\/scancoaching.nl\\\/wp-content\\\/uploads\\\/2018\\\/11\\\/Banner-1920x1080-man-zittend-oranje.jpg\",\"width\":1920,\"height\":1080},{\"@type\":\"BreadcrumbList\",\"@id\":\"https:\\\/\\\/scancoaching.nl\\\/de\\\/scancoaching-vitality-protokoll\\\/#breadcrumb\",\"itemListElement\":[{\"@type\":\"ListItem\",\"position\":1,\"name\":\"Home\",\"item\":\"https:\\\/\\\/scancoaching.nl\\\/de\\\/\"},{\"@type\":\"ListItem\",\"position\":2,\"name\":\"ScanCoaching Vitality Protokoll\"}]},{\"@type\":\"WebSite\",\"@id\":\"https:\\\/\\\/scancoaching.nl\\\/de\\\/#website\",\"url\":\"https:\\\/\\\/scancoaching.nl\\\/de\\\/\",\"name\":\"ScanCoaching Nederland BV\",\"description\":\"Snel, diepgaand en razend effectief!\",\"publisher\":{\"@id\":\"https:\\\/\\\/scancoaching.nl\\\/de\\\/#organization\"},\"potentialAction\":[{\"@type\":\"SearchAction\",\"target\":{\"@type\":\"EntryPoint\",\"urlTemplate\":\"https:\\\/\\\/scancoaching.nl\\\/de\\\/?s={search_term_string}\"},\"query-input\":{\"@type\":\"PropertyValueSpecification\",\"valueRequired\":true,\"valueName\":\"search_term_string\"}}],\"inLanguage\":\"de\"},{\"@type\":\"Organization\",\"@id\":\"https:\\\/\\\/scancoaching.nl\\\/de\\\/#organization\",\"name\":\"ScanCoaching Nederland BV\",\"url\":\"https:\\\/\\\/scancoaching.nl\\\/de\\\/\",\"logo\":{\"@type\":\"ImageObject\",\"inLanguage\":\"de\",\"@id\":\"https:\\\/\\\/scancoaching.nl\\\/de\\\/#\\\/schema\\\/logo\\\/image\\\/\",\"url\":\"https:\\\/\\\/scancoaching.nl\\\/wp-content\\\/uploads\\\/2022\\\/08\\\/ScanCoaching-logo-2000x290-1.png\",\"contentUrl\":\"https:\\\/\\\/scancoaching.nl\\\/wp-content\\\/uploads\\\/2022\\\/08\\\/ScanCoaching-logo-2000x290-1.png\",\"width\":2000,\"height\":290,\"caption\":\"ScanCoaching Nederland BV\"},\"image\":{\"@id\":\"https:\\\/\\\/scancoaching.nl\\\/de\\\/#\\\/schema\\\/logo\\\/image\\\/\"},\"sameAs\":[\"https:\\\/\\\/www.facebook.com\\\/ScanCoaching\\\/\",\"https:\\\/\\\/www.linkedin.com\\\/in\\\/markovanderbeek\\\/\"]}]}<\/script>\n<!-- \/ Yoast SEO plugin. -->","yoast_head_json":{"title":"ScanCoaching Vitality Protokoll - ScanCoaching","robots":{"index":"index","follow":"follow","max-snippet":"max-snippet:-1","max-image-preview":"max-image-preview:large","max-video-preview":"max-video-preview:-1"},"canonical":"https:\/\/scancoaching.nl\/de\/scancoaching-vitality-protokoll\/","og_locale":"de_DE","og_type":"article","og_title":"ScanCoaching Vitality Protokoll - ScanCoaching","og_description":"Auf dem heutigen Markt machen Sie als motivierter und vitaler Profi den Unterschied. Als erfolgreicher Mitarbeiter, der es besser oder anders macht. Mit einer gesunden Portion Energie und Tatendrang. Wer wagt es, sich zu \u00fcbertreffen und wagt es, sich \u00fcber das Bodenniveau zu erheben, damit Arbeitgeber wieder aufbauen und kreativ Gesch\u00e4fte machen k\u00f6nnen. Doch leider [&hellip;]","og_url":"https:\/\/scancoaching.nl\/de\/scancoaching-vitality-protokoll\/","og_site_name":"ScanCoaching","article_publisher":"https:\/\/www.facebook.com\/ScanCoaching\/","article_modified_time":"2022-08-18T13:06:15+00:00","og_image":[{"width":1920,"height":1080,"url":"https:\/\/scancoaching.nl\/wp-content\/uploads\/2018\/11\/Banner-1920x1080-man-zittend-oranje.jpg","type":"image\/jpeg"}],"twitter_card":"summary_large_image","twitter_misc":{"Gesch\u00e4tzte Lesezeit":"3\u00a0Minuten"},"schema":{"@context":"https:\/\/schema.org","@graph":[{"@type":"WebPage","@id":"https:\/\/scancoaching.nl\/de\/scancoaching-vitality-protokoll\/","url":"https:\/\/scancoaching.nl\/de\/scancoaching-vitality-protokoll\/","name":"ScanCoaching Vitality Protokoll - ScanCoaching","isPartOf":{"@id":"https:\/\/scancoaching.nl\/de\/#website"},"primaryImageOfPage":{"@id":"https:\/\/scancoaching.nl\/de\/scancoaching-vitality-protokoll\/#primaryimage"},"image":{"@id":"https:\/\/scancoaching.nl\/de\/scancoaching-vitality-protokoll\/#primaryimage"},"thumbnailUrl":"https:\/\/scancoaching.nl\/wp-content\/uploads\/2018\/11\/Banner-1920x1080-man-zittend-oranje.jpg","datePublished":"2017-01-01T16:47:00+00:00","dateModified":"2022-08-18T13:06:15+00:00","breadcrumb":{"@id":"https:\/\/scancoaching.nl\/de\/scancoaching-vitality-protokoll\/#breadcrumb"},"inLanguage":"de","potentialAction":[{"@type":"ReadAction","target":["https:\/\/scancoaching.nl\/de\/scancoaching-vitality-protokoll\/"]}]},{"@type":"ImageObject","inLanguage":"de","@id":"https:\/\/scancoaching.nl\/de\/scancoaching-vitality-protokoll\/#primaryimage","url":"https:\/\/scancoaching.nl\/wp-content\/uploads\/2018\/11\/Banner-1920x1080-man-zittend-oranje.jpg","contentUrl":"https:\/\/scancoaching.nl\/wp-content\/uploads\/2018\/11\/Banner-1920x1080-man-zittend-oranje.jpg","width":1920,"height":1080},{"@type":"BreadcrumbList","@id":"https:\/\/scancoaching.nl\/de\/scancoaching-vitality-protokoll\/#breadcrumb","itemListElement":[{"@type":"ListItem","position":1,"name":"Home","item":"https:\/\/scancoaching.nl\/de\/"},{"@type":"ListItem","position":2,"name":"ScanCoaching Vitality Protokoll"}]},{"@type":"WebSite","@id":"https:\/\/scancoaching.nl\/de\/#website","url":"https:\/\/scancoaching.nl\/de\/","name":"ScanCoaching Nederland BV","description":"Snel, diepgaand en razend effectief!","publisher":{"@id":"https:\/\/scancoaching.nl\/de\/#organization"},"potentialAction":[{"@type":"SearchAction","target":{"@type":"EntryPoint","urlTemplate":"https:\/\/scancoaching.nl\/de\/?s={search_term_string}"},"query-input":{"@type":"PropertyValueSpecification","valueRequired":true,"valueName":"search_term_string"}}],"inLanguage":"de"},{"@type":"Organization","@id":"https:\/\/scancoaching.nl\/de\/#organization","name":"ScanCoaching Nederland BV","url":"https:\/\/scancoaching.nl\/de\/","logo":{"@type":"ImageObject","inLanguage":"de","@id":"https:\/\/scancoaching.nl\/de\/#\/schema\/logo\/image\/","url":"https:\/\/scancoaching.nl\/wp-content\/uploads\/2022\/08\/ScanCoaching-logo-2000x290-1.png","contentUrl":"https:\/\/scancoaching.nl\/wp-content\/uploads\/2022\/08\/ScanCoaching-logo-2000x290-1.png","width":2000,"height":290,"caption":"ScanCoaching Nederland BV"},"image":{"@id":"https:\/\/scancoaching.nl\/de\/#\/schema\/logo\/image\/"},"sameAs":["https:\/\/www.facebook.com\/ScanCoaching\/","https:\/\/www.linkedin.com\/in\/markovanderbeek\/"]}]}},"jetpack_sharing_enabled":true,"_links":{"self":[{"href":"https:\/\/scancoaching.nl\/de\/wp-json\/wp\/v2\/pages\/16379","targetHints":{"allow":["GET"]}}],"collection":[{"href":"https:\/\/scancoaching.nl\/de\/wp-json\/wp\/v2\/pages"}],"about":[{"href":"https:\/\/scancoaching.nl\/de\/wp-json\/wp\/v2\/types\/page"}],"author":[{"embeddable":true,"href":"https:\/\/scancoaching.nl\/de\/wp-json\/wp\/v2\/users\/1"}],"replies":[{"embeddable":true,"href":"https:\/\/scancoaching.nl\/de\/wp-json\/wp\/v2\/comments?post=16379"}],"version-history":[{"count":3,"href":"https:\/\/scancoaching.nl\/de\/wp-json\/wp\/v2\/pages\/16379\/revisions"}],"predecessor-version":[{"id":19373,"href":"https:\/\/scancoaching.nl\/de\/wp-json\/wp\/v2\/pages\/16379\/revisions\/19373"}],"wp:featuredmedia":[{"embeddable":true,"href":"https:\/\/scancoaching.nl\/de\/wp-json\/wp\/v2\/media\/15357"}],"wp:attachment":[{"href":"https:\/\/scancoaching.nl\/de\/wp-json\/wp\/v2\/media?parent=16379"}],"curies":[{"name":"wp","href":"https:\/\/api.w.org\/{rel}","templated":true}]}}