{"id":16387,"date":"2017-01-01T17:45:37","date_gmt":"2017-01-01T16:45:37","guid":{"rendered":"https:\/\/scancoaching.nl\/scancoaching-leistungsprotokoll\/"},"modified":"2022-08-18T15:06:15","modified_gmt":"2022-08-18T13:06:15","slug":"scancoaching-leistungsprotokoll","status":"publish","type":"page","link":"https:\/\/scancoaching.nl\/de\/scancoaching-leistungsprotokoll\/","title":{"rendered":"ScanCoaching Performance protokoll"},"content":{"rendered":"\t\t<div data-elementor-type=\"wp-page\" data-elementor-id=\"16387\" class=\"elementor elementor-16387 elementor-892\" data-elementor-post-type=\"page\">\n\t\t\t\t\t\t<section class=\"elementor-section elementor-top-section elementor-element elementor-element-746e5833 elementor-section-boxed elementor-section-height-default elementor-section-height-default\" data-id=\"746e5833\" data-element_type=\"section\" data-e-type=\"section\">\n\t\t\t\t\t\t<div class=\"elementor-container elementor-column-gap-default\">\n\t\t\t\t\t<div class=\"elementor-column elementor-col-100 elementor-top-column elementor-element elementor-element-6e0d59\" data-id=\"6e0d59\" data-element_type=\"column\" data-e-type=\"column\">\n\t\t\t<div class=\"elementor-widget-wrap elementor-element-populated\">\n\t\t\t\t\t\t<div class=\"elementor-element elementor-element-510d2152 elementor-widget elementor-widget-text-editor\" data-id=\"510d2152\" data-element_type=\"widget\" data-e-type=\"widget\" data-widget_type=\"text-editor.default\">\n\t\t\t\t<div class=\"elementor-widget-container\">\n\t\t\t\t\t\t\t\t\t<p>Das Performance ScanCoaching Protocol richtet sich an Manager, Unternehmer und andere Fachleute, die ihre Leistung im Kontext von &#8222;innerer Balance, \u00e4u\u00dferer Leistung&#8220; verbessern m\u00f6chten.<\/p><p>&#8222;Leistung&#8220; ist das Ergebnis, das Sie erreichen, oft das Ergebnis Ihrer Handlungen und Ihres Verhaltens, intern und extern. Diese werden von Ihrer Mission, Identit\u00e4t, Normen, Werten, \u00dcberzeugungen und F\u00e4higkeiten geleitet. Tatsache ist jedoch, dass mehr als 90% dieser Prozesse von Ihrem Unterbewusstsein dominiert werden. Es gibt einen gro\u00dfen Gewinn in der endg\u00fcltigen Leistung, wenn unbewusste Muster und (obstruktive) automatische Handlungen bewusst gemacht werden, die besser zu Ihrem beruflichen Arbeitsumfeld und Ihren Verantwortlichkeiten passen.<\/p><p>Dies ist ein Prozess, der mit der Aufdeckung der unterbewussten Prozesse in Ihrem K\u00f6rper \u00fcber ScanCoaching beginnt. Durch den Einsatz des einzigartigen und leistungsstarken Psyray Professional sind wir in der Lage, diesen Bauplan zu erstellen, in dem auch die Essenz der Prozesse in Ihrem K\u00f6rper in den Vordergrund tritt, einschlie\u00dflich der obstruktiven Prozesse. Indem Sie diese &#8222;Ursache des Problems&#8220; im Coaching-Prozess ansprechen, werden die Hindernisse in Ihrem K\u00f6rper verschwinden. Dies setzt zus\u00e4tzliche positive Energie frei, die Sie f\u00fcr das ausgeben k\u00f6nnen, was Sie wollen, anstatt f\u00fcr das, was Sie nicht wollen.<\/p><p>Bei Performance ScanCoaching geht es um einen internen Lernprozess. Ein Lernprozess, den Sie als Klient selbst bestimmen, zwar in Absprache mit dem ScanCoach und ggf. dem Klienten, aber das Ziel ist ihr eigenes. Die Basis von Performance ScanCoaching ist, dass die dynamische Interaktion Ihnen hilft, sich selbst zu transformieren \u2013 dies im Gegensatz zum Einbahnverkehr wie dem Erteilen von Anweisungen.<\/p><p>Im Performance ScanCoaching wollen wir erreichen, dass Sie in der Lage sind, sich selbst zu beobachten, zu verbessern und weiterzuentwickeln. Sie lernen neue F\u00e4higkeiten, die es Ihnen erm\u00f6glichen, neue Wege zu gehen. Sie werden mehr Entschlossenheit zeigen, sich mit mehr positiver Energie besser ausbalanciert f\u00fchlen, Sie werden eine bessere Kommunikation und eine sch\u00e4rfere Sicht haben, in der Lage sein, effektiver zu verwalten, mehr Einfluss zu haben usw. Wenn Sie es coachen, f\u00fchrt dies dazu, dass Sie noch h\u00f6here objektive Standards erf\u00fcllen k\u00f6nnen. Sie k\u00f6nnen sich permanent korrigieren und somit kontinuierlich bessere Leistungen erbringen.<\/p><p>Kurz gesagt, Performance ScanCoaching verschiebt Ihre bestehenden Grenzen, l\u00e4sst Sie mehr in Ihre St\u00e4rke kommen und Ihre Ergebnisse strukturell verbessern.<\/p><p> <\/p><h4>Das Performance ScanCoaching Protokoll besteht aus 5 Sitzungen \u00e0 2 Stunden:<\/h4><p>Session 1: Ziele setzen, Stressoren abbilden, Ist-Situation<br \/>Session 2: Limbisches Profil und Selbstsabotagesprogramme<br \/>Session 3: Ursache-Wirkung und konkrete Schritte zur Ver\u00e4nderung<br \/>Session 4: Vertiefung und Nachbereitung Ursache-Wirkung<br \/>Session 5: Ergebnismessung, neue Eingabe und Abschluss<\/p>\t\t\t\t\t\t\t\t<\/div>\n\t\t\t\t<\/div>\n\t\t\t\t\t<\/div>\n\t\t<\/div>\n\t\t\t\t\t<\/div>\n\t\t<\/section>\n\t\t\t\t<section class=\"elementor-section elementor-top-section elementor-element elementor-element-32d0e8e elementor-section-boxed elementor-section-height-default elementor-section-height-default\" data-id=\"32d0e8e\" data-element_type=\"section\" data-e-type=\"section\">\n\t\t\t\t\t\t<div class=\"elementor-container elementor-column-gap-default\">\n\t\t\t\t\t<div class=\"elementor-column elementor-col-100 elementor-top-column elementor-element elementor-element-8b62777\" data-id=\"8b62777\" data-element_type=\"column\" data-e-type=\"column\">\n\t\t\t<div class=\"elementor-widget-wrap elementor-element-populated\">\n\t\t\t\t\t\t<div class=\"elementor-element elementor-element-78e7a60 elementor-position-left elementor-vertical-align-top elementor-widget elementor-widget-image-box\" data-id=\"78e7a60\" data-element_type=\"widget\" data-e-type=\"widget\" data-widget_type=\"image-box.default\">\n\t\t\t\t<div class=\"elementor-widget-container\">\n\t\t\t\t\t<div class=\"elementor-image-box-wrapper\"><figure class=\"elementor-image-box-img\"><img fetchpriority=\"high\" decoding=\"async\" width=\"2354\" height=\"1692\" src=\"https:\/\/scancoaching.nl\/wp-content\/uploads\/2020\/09\/Schermafbeelding-2019-11-28-om-21.33.03.png\" class=\"attachment-full size-full wp-image-15485\" alt=\"\" srcset=\"https:\/\/scancoaching.nl\/wp-content\/uploads\/2020\/09\/Schermafbeelding-2019-11-28-om-21.33.03.png 2354w, https:\/\/scancoaching.nl\/wp-content\/uploads\/2020\/09\/Schermafbeelding-2019-11-28-om-21.33.03-300x216.png 300w, https:\/\/scancoaching.nl\/wp-content\/uploads\/2020\/09\/Schermafbeelding-2019-11-28-om-21.33.03-700x503.png 700w, https:\/\/scancoaching.nl\/wp-content\/uploads\/2020\/09\/Schermafbeelding-2019-11-28-om-21.33.03-768x552.png 768w, https:\/\/scancoaching.nl\/wp-content\/uploads\/2020\/09\/Schermafbeelding-2019-11-28-om-21.33.03-1536x1104.png 1536w, https:\/\/scancoaching.nl\/wp-content\/uploads\/2020\/09\/Schermafbeelding-2019-11-28-om-21.33.03-2048x1472.png 2048w\" sizes=\"(max-width: 2354px) 100vw, 2354px\" \/><\/figure><div class=\"elementor-image-box-content\"><h4 class=\"elementor-image-box-title\">Arbeitsbuch Performance ScanCoaching<\/h4><p class=\"elementor-image-box-description\">Alle Gesch\u00e4ftsprotokolle werden von einer Arbeitsmappe f\u00fcr den Kunden geleitet. Die 5 Sitzungen k\u00f6nnen nachverfolgt werden. Der Client schreibt seinen eigenen Bericht. Es gibt auch detaillierte \u00dcbungen, die in das Protokoll passen und eine Erkl\u00e4rung der ScanCoaching-Methodik.<\/p><\/div><\/div>\t\t\t\t<\/div>\n\t\t\t\t<\/div>\n\t\t\t\t\t<\/div>\n\t\t<\/div>\n\t\t\t\t\t<\/div>\n\t\t<\/section>\n\t\t\t\t<\/div>\n\t\t","protected":false},"excerpt":{"rendered":"<p>Das Performance ScanCoaching Protocol richtet sich an Manager, Unternehmer und andere Fachleute, die ihre Leistung im Kontext von &#8222;innerer Balance, \u00e4u\u00dferer Leistung&#8220; verbessern m\u00f6chten. &#8222;Leistung&#8220; ist das Ergebnis, das Sie erreichen, oft das Ergebnis Ihrer Handlungen und Ihres Verhaltens, intern und extern. Diese werden von Ihrer Mission, Identit\u00e4t, Normen, Werten, \u00dcberzeugungen und F\u00e4higkeiten geleitet. Tatsache [&hellip;]<\/p>\n","protected":false},"author":1,"featured_media":15363,"parent":0,"menu_order":20,"comment_status":"closed","ping_status":"closed","template":"","meta":{"_monsterinsights_skip_tracking":false,"_monsterinsights_sitenote_active":false,"_monsterinsights_sitenote_note":"","_monsterinsights_sitenote_category":0,"footnotes":""},"class_list":["post-16387","page","type-page","status-publish","has-post-thumbnail","hentry"],"yoast_head":"<!-- This site is optimized with the Yoast SEO plugin v27.5 - https:\/\/yoast.com\/product\/yoast-seo-wordpress\/ -->\n<title>ScanCoaching Performance protokoll - ScanCoaching<\/title>\n<meta name=\"robots\" content=\"index, follow, max-snippet:-1, max-image-preview:large, max-video-preview:-1\" \/>\n<link rel=\"canonical\" href=\"https:\/\/scancoaching.nl\/de\/scancoaching-leistungsprotokoll\/\" \/>\n<meta property=\"og:locale\" content=\"de_DE\" \/>\n<meta property=\"og:type\" content=\"article\" \/>\n<meta property=\"og:title\" content=\"ScanCoaching Performance protokoll - ScanCoaching\" \/>\n<meta property=\"og:description\" content=\"Das Performance ScanCoaching Protocol richtet sich an Manager, Unternehmer und andere Fachleute, die ihre Leistung im Kontext von &#8222;innerer Balance, \u00e4u\u00dferer Leistung&#8220; verbessern m\u00f6chten. &#8222;Leistung&#8220; ist das Ergebnis, das Sie erreichen, oft das Ergebnis Ihrer Handlungen und Ihres Verhaltens, intern und extern. Diese werden von Ihrer Mission, Identit\u00e4t, Normen, Werten, \u00dcberzeugungen und F\u00e4higkeiten geleitet. Tatsache [&hellip;]\" \/>\n<meta property=\"og:url\" content=\"https:\/\/scancoaching.nl\/de\/scancoaching-leistungsprotokoll\/\" \/>\n<meta property=\"og:site_name\" content=\"ScanCoaching\" \/>\n<meta property=\"article:publisher\" content=\"https:\/\/www.facebook.com\/ScanCoaching\/\" \/>\n<meta property=\"article:modified_time\" content=\"2022-08-18T13:06:15+00:00\" \/>\n<meta property=\"og:image\" content=\"https:\/\/scancoaching.nl\/wp-content\/uploads\/2018\/11\/Banner-1920x1080-handen-oranje.jpg\" \/>\n\t<meta property=\"og:image:width\" content=\"1920\" \/>\n\t<meta property=\"og:image:height\" content=\"1080\" \/>\n\t<meta property=\"og:image:type\" content=\"image\/jpeg\" \/>\n<meta name=\"twitter:card\" content=\"summary_large_image\" \/>\n<meta name=\"twitter:label1\" content=\"Gesch\u00e4tzte Lesezeit\" \/>\n\t<meta name=\"twitter:data1\" content=\"2\u00a0Minuten\" \/>\n<script type=\"application\/ld+json\" class=\"yoast-schema-graph\">{\"@context\":\"https:\\\/\\\/schema.org\",\"@graph\":[{\"@type\":\"WebPage\",\"@id\":\"https:\\\/\\\/scancoaching.nl\\\/de\\\/scancoaching-leistungsprotokoll\\\/\",\"url\":\"https:\\\/\\\/scancoaching.nl\\\/de\\\/scancoaching-leistungsprotokoll\\\/\",\"name\":\"ScanCoaching Performance protokoll - ScanCoaching\",\"isPartOf\":{\"@id\":\"https:\\\/\\\/scancoaching.nl\\\/de\\\/#website\"},\"primaryImageOfPage\":{\"@id\":\"https:\\\/\\\/scancoaching.nl\\\/de\\\/scancoaching-leistungsprotokoll\\\/#primaryimage\"},\"image\":{\"@id\":\"https:\\\/\\\/scancoaching.nl\\\/de\\\/scancoaching-leistungsprotokoll\\\/#primaryimage\"},\"thumbnailUrl\":\"https:\\\/\\\/scancoaching.nl\\\/wp-content\\\/uploads\\\/2018\\\/11\\\/Banner-1920x1080-handen-oranje.jpg\",\"datePublished\":\"2017-01-01T16:45:37+00:00\",\"dateModified\":\"2022-08-18T13:06:15+00:00\",\"breadcrumb\":{\"@id\":\"https:\\\/\\\/scancoaching.nl\\\/de\\\/scancoaching-leistungsprotokoll\\\/#breadcrumb\"},\"inLanguage\":\"de\",\"potentialAction\":[{\"@type\":\"ReadAction\",\"target\":[\"https:\\\/\\\/scancoaching.nl\\\/de\\\/scancoaching-leistungsprotokoll\\\/\"]}]},{\"@type\":\"ImageObject\",\"inLanguage\":\"de\",\"@id\":\"https:\\\/\\\/scancoaching.nl\\\/de\\\/scancoaching-leistungsprotokoll\\\/#primaryimage\",\"url\":\"https:\\\/\\\/scancoaching.nl\\\/wp-content\\\/uploads\\\/2018\\\/11\\\/Banner-1920x1080-handen-oranje.jpg\",\"contentUrl\":\"https:\\\/\\\/scancoaching.nl\\\/wp-content\\\/uploads\\\/2018\\\/11\\\/Banner-1920x1080-handen-oranje.jpg\",\"width\":1920,\"height\":1080},{\"@type\":\"BreadcrumbList\",\"@id\":\"https:\\\/\\\/scancoaching.nl\\\/de\\\/scancoaching-leistungsprotokoll\\\/#breadcrumb\",\"itemListElement\":[{\"@type\":\"ListItem\",\"position\":1,\"name\":\"Home\",\"item\":\"https:\\\/\\\/scancoaching.nl\\\/de\\\/\"},{\"@type\":\"ListItem\",\"position\":2,\"name\":\"ScanCoaching Performance protokoll\"}]},{\"@type\":\"WebSite\",\"@id\":\"https:\\\/\\\/scancoaching.nl\\\/de\\\/#website\",\"url\":\"https:\\\/\\\/scancoaching.nl\\\/de\\\/\",\"name\":\"ScanCoaching Nederland BV\",\"description\":\"Snel, diepgaand en razend effectief!\",\"publisher\":{\"@id\":\"https:\\\/\\\/scancoaching.nl\\\/de\\\/#organization\"},\"potentialAction\":[{\"@type\":\"SearchAction\",\"target\":{\"@type\":\"EntryPoint\",\"urlTemplate\":\"https:\\\/\\\/scancoaching.nl\\\/de\\\/?s={search_term_string}\"},\"query-input\":{\"@type\":\"PropertyValueSpecification\",\"valueRequired\":true,\"valueName\":\"search_term_string\"}}],\"inLanguage\":\"de\"},{\"@type\":\"Organization\",\"@id\":\"https:\\\/\\\/scancoaching.nl\\\/de\\\/#organization\",\"name\":\"ScanCoaching Nederland BV\",\"url\":\"https:\\\/\\\/scancoaching.nl\\\/de\\\/\",\"logo\":{\"@type\":\"ImageObject\",\"inLanguage\":\"de\",\"@id\":\"https:\\\/\\\/scancoaching.nl\\\/de\\\/#\\\/schema\\\/logo\\\/image\\\/\",\"url\":\"https:\\\/\\\/scancoaching.nl\\\/wp-content\\\/uploads\\\/2022\\\/08\\\/ScanCoaching-logo-2000x290-1.png\",\"contentUrl\":\"https:\\\/\\\/scancoaching.nl\\\/wp-content\\\/uploads\\\/2022\\\/08\\\/ScanCoaching-logo-2000x290-1.png\",\"width\":2000,\"height\":290,\"caption\":\"ScanCoaching Nederland BV\"},\"image\":{\"@id\":\"https:\\\/\\\/scancoaching.nl\\\/de\\\/#\\\/schema\\\/logo\\\/image\\\/\"},\"sameAs\":[\"https:\\\/\\\/www.facebook.com\\\/ScanCoaching\\\/\",\"https:\\\/\\\/www.linkedin.com\\\/in\\\/markovanderbeek\\\/\"]}]}<\/script>\n<!-- \/ Yoast SEO plugin. -->","yoast_head_json":{"title":"ScanCoaching Performance protokoll - ScanCoaching","robots":{"index":"index","follow":"follow","max-snippet":"max-snippet:-1","max-image-preview":"max-image-preview:large","max-video-preview":"max-video-preview:-1"},"canonical":"https:\/\/scancoaching.nl\/de\/scancoaching-leistungsprotokoll\/","og_locale":"de_DE","og_type":"article","og_title":"ScanCoaching Performance protokoll - ScanCoaching","og_description":"Das Performance ScanCoaching Protocol richtet sich an Manager, Unternehmer und andere Fachleute, die ihre Leistung im Kontext von &#8222;innerer Balance, \u00e4u\u00dferer Leistung&#8220; verbessern m\u00f6chten. &#8222;Leistung&#8220; ist das Ergebnis, das Sie erreichen, oft das Ergebnis Ihrer Handlungen und Ihres Verhaltens, intern und extern. Diese werden von Ihrer Mission, Identit\u00e4t, Normen, Werten, \u00dcberzeugungen und F\u00e4higkeiten geleitet. Tatsache [&hellip;]","og_url":"https:\/\/scancoaching.nl\/de\/scancoaching-leistungsprotokoll\/","og_site_name":"ScanCoaching","article_publisher":"https:\/\/www.facebook.com\/ScanCoaching\/","article_modified_time":"2022-08-18T13:06:15+00:00","og_image":[{"width":1920,"height":1080,"url":"https:\/\/scancoaching.nl\/wp-content\/uploads\/2018\/11\/Banner-1920x1080-handen-oranje.jpg","type":"image\/jpeg"}],"twitter_card":"summary_large_image","twitter_misc":{"Gesch\u00e4tzte Lesezeit":"2\u00a0Minuten"},"schema":{"@context":"https:\/\/schema.org","@graph":[{"@type":"WebPage","@id":"https:\/\/scancoaching.nl\/de\/scancoaching-leistungsprotokoll\/","url":"https:\/\/scancoaching.nl\/de\/scancoaching-leistungsprotokoll\/","name":"ScanCoaching Performance protokoll - ScanCoaching","isPartOf":{"@id":"https:\/\/scancoaching.nl\/de\/#website"},"primaryImageOfPage":{"@id":"https:\/\/scancoaching.nl\/de\/scancoaching-leistungsprotokoll\/#primaryimage"},"image":{"@id":"https:\/\/scancoaching.nl\/de\/scancoaching-leistungsprotokoll\/#primaryimage"},"thumbnailUrl":"https:\/\/scancoaching.nl\/wp-content\/uploads\/2018\/11\/Banner-1920x1080-handen-oranje.jpg","datePublished":"2017-01-01T16:45:37+00:00","dateModified":"2022-08-18T13:06:15+00:00","breadcrumb":{"@id":"https:\/\/scancoaching.nl\/de\/scancoaching-leistungsprotokoll\/#breadcrumb"},"inLanguage":"de","potentialAction":[{"@type":"ReadAction","target":["https:\/\/scancoaching.nl\/de\/scancoaching-leistungsprotokoll\/"]}]},{"@type":"ImageObject","inLanguage":"de","@id":"https:\/\/scancoaching.nl\/de\/scancoaching-leistungsprotokoll\/#primaryimage","url":"https:\/\/scancoaching.nl\/wp-content\/uploads\/2018\/11\/Banner-1920x1080-handen-oranje.jpg","contentUrl":"https:\/\/scancoaching.nl\/wp-content\/uploads\/2018\/11\/Banner-1920x1080-handen-oranje.jpg","width":1920,"height":1080},{"@type":"BreadcrumbList","@id":"https:\/\/scancoaching.nl\/de\/scancoaching-leistungsprotokoll\/#breadcrumb","itemListElement":[{"@type":"ListItem","position":1,"name":"Home","item":"https:\/\/scancoaching.nl\/de\/"},{"@type":"ListItem","position":2,"name":"ScanCoaching Performance protokoll"}]},{"@type":"WebSite","@id":"https:\/\/scancoaching.nl\/de\/#website","url":"https:\/\/scancoaching.nl\/de\/","name":"ScanCoaching Nederland BV","description":"Snel, diepgaand en razend effectief!","publisher":{"@id":"https:\/\/scancoaching.nl\/de\/#organization"},"potentialAction":[{"@type":"SearchAction","target":{"@type":"EntryPoint","urlTemplate":"https:\/\/scancoaching.nl\/de\/?s={search_term_string}"},"query-input":{"@type":"PropertyValueSpecification","valueRequired":true,"valueName":"search_term_string"}}],"inLanguage":"de"},{"@type":"Organization","@id":"https:\/\/scancoaching.nl\/de\/#organization","name":"ScanCoaching Nederland BV","url":"https:\/\/scancoaching.nl\/de\/","logo":{"@type":"ImageObject","inLanguage":"de","@id":"https:\/\/scancoaching.nl\/de\/#\/schema\/logo\/image\/","url":"https:\/\/scancoaching.nl\/wp-content\/uploads\/2022\/08\/ScanCoaching-logo-2000x290-1.png","contentUrl":"https:\/\/scancoaching.nl\/wp-content\/uploads\/2022\/08\/ScanCoaching-logo-2000x290-1.png","width":2000,"height":290,"caption":"ScanCoaching Nederland BV"},"image":{"@id":"https:\/\/scancoaching.nl\/de\/#\/schema\/logo\/image\/"},"sameAs":["https:\/\/www.facebook.com\/ScanCoaching\/","https:\/\/www.linkedin.com\/in\/markovanderbeek\/"]}]}},"jetpack_sharing_enabled":true,"_links":{"self":[{"href":"https:\/\/scancoaching.nl\/de\/wp-json\/wp\/v2\/pages\/16387","targetHints":{"allow":["GET"]}}],"collection":[{"href":"https:\/\/scancoaching.nl\/de\/wp-json\/wp\/v2\/pages"}],"about":[{"href":"https:\/\/scancoaching.nl\/de\/wp-json\/wp\/v2\/types\/page"}],"author":[{"embeddable":true,"href":"https:\/\/scancoaching.nl\/de\/wp-json\/wp\/v2\/users\/1"}],"replies":[{"embeddable":true,"href":"https:\/\/scancoaching.nl\/de\/wp-json\/wp\/v2\/comments?post=16387"}],"version-history":[{"count":3,"href":"https:\/\/scancoaching.nl\/de\/wp-json\/wp\/v2\/pages\/16387\/revisions"}],"predecessor-version":[{"id":19306,"href":"https:\/\/scancoaching.nl\/de\/wp-json\/wp\/v2\/pages\/16387\/revisions\/19306"}],"wp:featuredmedia":[{"embeddable":true,"href":"https:\/\/scancoaching.nl\/de\/wp-json\/wp\/v2\/media\/15363"}],"wp:attachment":[{"href":"https:\/\/scancoaching.nl\/de\/wp-json\/wp\/v2\/media?parent=16387"}],"curies":[{"name":"wp","href":"https:\/\/api.w.org\/{rel}","templated":true}]}}