{"id":16406,"date":"2018-11-06T18:33:17","date_gmt":"2018-11-06T17:33:17","guid":{"rendered":"https:\/\/scancoaching.nl\/usp\/"},"modified":"2022-08-24T13:21:34","modified_gmt":"2022-08-24T11:21:34","slug":"usp","status":"publish","type":"page","link":"https:\/\/scancoaching.nl\/de\/usp\/","title":{"rendered":"USP"},"content":{"rendered":"\t\t<div data-elementor-type=\"wp-page\" data-elementor-id=\"16406\" class=\"elementor elementor-16406 elementor-911\" data-elementor-post-type=\"page\">\n\t\t\t\t\t\t<section class=\"elementor-section elementor-top-section elementor-element elementor-element-2ea526a elementor-section-full_width elementor-section-height-min-height elementor-section-items-top elementor-section-content-top elementor-section-height-default\" data-id=\"2ea526a\" data-element_type=\"section\" data-e-type=\"section\">\n\t\t\t\t\t\t<div class=\"elementor-container elementor-column-gap-no\">\n\t\t\t\t\t<div class=\"elementor-column elementor-col-100 elementor-top-column elementor-element elementor-element-d0528f5\" data-id=\"d0528f5\" data-element_type=\"column\" data-e-type=\"column\">\n\t\t\t<div class=\"elementor-widget-wrap elementor-element-populated\">\n\t\t\t\t\t\t<section class=\"elementor-section elementor-inner-section elementor-element elementor-element-881e494 elementor-section-boxed elementor-section-height-default elementor-section-height-default\" data-id=\"881e494\" data-element_type=\"section\" data-e-type=\"section\">\n\t\t\t\t\t\t<div class=\"elementor-container elementor-column-gap-default\">\n\t\t\t\t\t<div class=\"elementor-column elementor-col-50 elementor-inner-column elementor-element elementor-element-3a04428\" data-id=\"3a04428\" data-element_type=\"column\" data-e-type=\"column\">\n\t\t\t<div class=\"elementor-widget-wrap elementor-element-populated\">\n\t\t\t\t\t\t<div class=\"elementor-element elementor-element-5fbaf3e elementor-widget elementor-widget-text-editor\" data-id=\"5fbaf3e\" data-element_type=\"widget\" data-e-type=\"widget\" data-widget_type=\"text-editor.default\">\n\t\t\t\t<div class=\"elementor-widget-container\">\n\t\t\t\t\t\t\t\t\t<h4><strong>Die Revolution in der Psychologie und die Revolution in dir<\/strong><\/h4><ul><li><span style=\"color: #555555; font-size: 16px;\">Geht \u00fcber g\u00e4ngige Pers\u00f6nlichkeitstests, Stressstudien, Farbwerkzeuge und -instrumente hinaus<\/span><\/li><\/ul><h4> <\/h4><h4><strong>\u00dcber das Standard-Coaching hinaus<\/strong><\/h4><ul><li><span style=\"color: #555555; font-size: 16px;\">Bringt Sie zur\u00fcck in die Zeit, an die Sie nur wenige Erinnerungen haben: vor Ihrem vierten Lebensjahr, sogar in den Mutterleib<\/span><\/li><li><span style=\"color: #555555; font-size: 16px;\">Du bist nicht mehr (nur) abh\u00e4ngig von deiner Geschichte und du musst nicht mehr graben<\/span><\/li><li><span style=\"color: #555555; font-size: 16px;\">Bietet einen detaillierten Einblick in die Ursache Ihres aktuellen Prozesses und bietet konkrete L\u00f6sungen<\/span><\/li><li><span style=\"color: #555555; font-size: 16px;\">Macht psychologische Muster durch die Kombination von Technologie, Software und BigData sichtbar<\/span><\/li><\/ul>\t\t\t\t\t\t\t\t<\/div>\n\t\t\t\t<\/div>\n\t\t\t\t\t<\/div>\n\t\t<\/div>\n\t\t\t\t<div class=\"elementor-column elementor-col-50 elementor-inner-column elementor-element elementor-element-59f99f4\" data-id=\"59f99f4\" data-element_type=\"column\" data-e-type=\"column\">\n\t\t\t<div class=\"elementor-widget-wrap elementor-element-populated\">\n\t\t\t\t\t\t<div class=\"elementor-element elementor-element-1ad5fb4 elementor-widget elementor-widget-text-editor\" data-id=\"1ad5fb4\" data-element_type=\"widget\" data-e-type=\"widget\" data-widget_type=\"text-editor.default\">\n\t\t\t\t<div class=\"elementor-widget-container\">\n\t\t\t\t\t\t\t\t\t<h4><strong>Zeitersparnis und kurze Vorlaufzeit<\/strong><\/h4><ul><li><span style=\"color: #555555; font-size: 16px;\">W\u00e4hrend 3 Monaten werden Sie eine signifikante Transformation in 5 Sitzungen von 2 Stunden durchlaufen<\/span><\/li><\/ul><h4> <\/h4><h4><strong>Wissenschaftlich belegt<\/strong><\/h4><ul><li><span style=\"color: #555555; font-size: 16px;\">F\u00fcnfzig Jahre umfangreiche Forschung und Entwicklung<\/span><\/li><li><span style=\"color: #555555; font-size: 16px;\">Unterst\u00fctzt durch andere wissenschaftliche Studien<\/span><\/li><\/ul><h4> <\/h4><h4><strong>Jahrelange direkte Zusammenarbeit mit Originalentwicklern<\/strong><\/h4><ul><li><span style=\"color: #555555; font-size: 16px;\">Nur Partei mit Zugang zu Entwicklungen und Updates<\/span><\/li><li><span style=\"color: #555555; font-size: 16px;\">Einzige Partei mit weltweiter Lizenz<\/span><\/li><\/ul>\t\t\t\t\t\t\t\t<\/div>\n\t\t\t\t<\/div>\n\t\t\t\t\t<\/div>\n\t\t<\/div>\n\t\t\t\t\t<\/div>\n\t\t<\/section>\n\t\t\t\t\t<\/div>\n\t\t<\/div>\n\t\t\t\t\t<\/div>\n\t\t<\/section>\n\t\t\t\t<section class=\"elementor-section elementor-top-section elementor-element elementor-element-6695266 elementor-section-boxed elementor-section-height-default elementor-section-height-default\" data-id=\"6695266\" data-element_type=\"section\" data-e-type=\"section\">\n\t\t\t\t\t\t<div class=\"elementor-container elementor-column-gap-default\">\n\t\t\t\t\t<div class=\"elementor-column elementor-col-100 elementor-top-column elementor-element elementor-element-655679e\" data-id=\"655679e\" data-element_type=\"column\" data-e-type=\"column\">\n\t\t\t<div class=\"elementor-widget-wrap elementor-element-populated\">\n\t\t\t\t\t\t<section class=\"elementor-section elementor-inner-section elementor-element elementor-element-35d4d66 elementor-section-boxed elementor-section-height-default elementor-section-height-default\" data-id=\"35d4d66\" data-element_type=\"section\" data-e-type=\"section\">\n\t\t\t\t\t\t<div class=\"elementor-container elementor-column-gap-default\">\n\t\t\t\t\t<div class=\"elementor-column elementor-col-50 elementor-inner-column elementor-element elementor-element-c634658\" data-id=\"c634658\" data-element_type=\"column\" data-e-type=\"column\">\n\t\t\t<div class=\"elementor-widget-wrap elementor-element-populated\">\n\t\t\t\t\t\t<div class=\"elementor-element elementor-element-4c7109e elementor-widget elementor-widget-video\" data-id=\"4c7109e\" data-element_type=\"widget\" data-e-type=\"widget\" data-settings=\"{&quot;youtube_url&quot;:&quot;https:\\\/\\\/youtu.be\\\/oLtUXUdJRq0&quot;,&quot;video_type&quot;:&quot;youtube&quot;,&quot;controls&quot;:&quot;yes&quot;}\" data-widget_type=\"video.default\">\n\t\t\t\t<div class=\"elementor-widget-container\">\n\t\t\t\t\t\t\t<div class=\"elementor-wrapper elementor-open-inline\">\n\t\t\t<div class=\"elementor-video\"><\/div>\t\t<\/div>\n\t\t\t\t\t\t<\/div>\n\t\t\t\t<\/div>\n\t\t\t\t\t<\/div>\n\t\t<\/div>\n\t\t\t\t<div class=\"elementor-column elementor-col-50 elementor-inner-column elementor-element elementor-element-469cab2\" data-id=\"469cab2\" data-element_type=\"column\" data-e-type=\"column\">\n\t\t\t<div class=\"elementor-widget-wrap elementor-element-populated\">\n\t\t\t\t\t\t<div class=\"elementor-element elementor-element-09b103f elementor-widget elementor-widget-video\" data-id=\"09b103f\" data-element_type=\"widget\" data-e-type=\"widget\" data-settings=\"{&quot;youtube_url&quot;:&quot;https:\\\/\\\/youtu.be\\\/E04jVcGXiwU&quot;,&quot;video_type&quot;:&quot;youtube&quot;,&quot;controls&quot;:&quot;yes&quot;}\" data-widget_type=\"video.default\">\n\t\t\t\t<div class=\"elementor-widget-container\">\n\t\t\t\t\t\t\t<div class=\"elementor-wrapper elementor-open-inline\">\n\t\t\t<div class=\"elementor-video\"><\/div>\t\t<\/div>\n\t\t\t\t\t\t<\/div>\n\t\t\t\t<\/div>\n\t\t\t\t\t<\/div>\n\t\t<\/div>\n\t\t\t\t\t<\/div>\n\t\t<\/section>\n\t\t\t\t\t<\/div>\n\t\t<\/div>\n\t\t\t\t\t<\/div>\n\t\t<\/section>\n\t\t\t\t<\/div>\n\t\t","protected":false},"excerpt":{"rendered":"<p>Was ScanCoaching einzigartig macht<\/p>\n","protected":false},"author":1,"featured_media":0,"parent":0,"menu_order":8,"comment_status":"closed","ping_status":"closed","template":"","meta":{"_monsterinsights_skip_tracking":false,"_monsterinsights_sitenote_active":false,"_monsterinsights_sitenote_note":"","_monsterinsights_sitenote_category":0,"footnotes":""},"class_list":["post-16406","page","type-page","status-publish","hentry"],"yoast_head":"<!-- This site is optimized with the Yoast SEO plugin v27.4 - https:\/\/yoast.com\/product\/yoast-seo-wordpress\/ -->\n<title>USP - ScanCoaching<\/title>\n<meta name=\"description\" content=\"Was ScanCoaching einzigartig macht: Die Revolution in der Psychologie und die Revolution in Ihnen.\" \/>\n<meta name=\"robots\" content=\"index, follow, max-snippet:-1, max-image-preview:large, max-video-preview:-1\" \/>\n<link rel=\"canonical\" href=\"https:\/\/scancoaching.nl\/de\/usp\/\" \/>\n<meta property=\"og:locale\" content=\"de_DE\" \/>\n<meta property=\"og:type\" content=\"article\" \/>\n<meta property=\"og:title\" content=\"USP - ScanCoaching\" \/>\n<meta property=\"og:description\" content=\"Was ScanCoaching einzigartig macht: Die Revolution in der Psychologie und die Revolution in Ihnen.\" \/>\n<meta property=\"og:url\" content=\"https:\/\/scancoaching.nl\/de\/usp\/\" \/>\n<meta property=\"og:site_name\" content=\"ScanCoaching\" \/>\n<meta property=\"article:publisher\" content=\"https:\/\/www.facebook.com\/ScanCoaching\/\" \/>\n<meta property=\"article:modified_time\" content=\"2022-08-24T11:21:34+00:00\" \/>\n<meta property=\"og:image\" content=\"https:\/\/scancoaching.nl\/wp-content\/uploads\/2018\/08\/SCAN-DAG8371-700x467.jpg\" \/>\n\t<meta property=\"og:image:width\" content=\"700\" \/>\n\t<meta property=\"og:image:height\" content=\"467\" \/>\n\t<meta property=\"og:image:type\" content=\"image\/jpeg\" \/>\n<meta name=\"twitter:card\" content=\"summary_large_image\" \/>\n<meta name=\"twitter:label1\" content=\"Gesch\u00e4tzte Lesezeit\" \/>\n\t<meta name=\"twitter:data1\" content=\"1\u00a0Minute\" \/>\n<script type=\"application\/ld+json\" class=\"yoast-schema-graph\">{\"@context\":\"https:\\\/\\\/schema.org\",\"@graph\":[{\"@type\":\"WebPage\",\"@id\":\"https:\\\/\\\/scancoaching.nl\\\/de\\\/usp\\\/\",\"url\":\"https:\\\/\\\/scancoaching.nl\\\/de\\\/usp\\\/\",\"name\":\"USP - ScanCoaching\",\"isPartOf\":{\"@id\":\"https:\\\/\\\/scancoaching.nl\\\/de\\\/#website\"},\"datePublished\":\"2018-11-06T17:33:17+00:00\",\"dateModified\":\"2022-08-24T11:21:34+00:00\",\"description\":\"Was ScanCoaching einzigartig macht: Die Revolution in der Psychologie und die Revolution in Ihnen.\",\"breadcrumb\":{\"@id\":\"https:\\\/\\\/scancoaching.nl\\\/de\\\/usp\\\/#breadcrumb\"},\"inLanguage\":\"de\",\"potentialAction\":[{\"@type\":\"ReadAction\",\"target\":[\"https:\\\/\\\/scancoaching.nl\\\/de\\\/usp\\\/\"]}]},{\"@type\":\"BreadcrumbList\",\"@id\":\"https:\\\/\\\/scancoaching.nl\\\/de\\\/usp\\\/#breadcrumb\",\"itemListElement\":[{\"@type\":\"ListItem\",\"position\":1,\"name\":\"Home\",\"item\":\"https:\\\/\\\/scancoaching.nl\\\/de\\\/\"},{\"@type\":\"ListItem\",\"position\":2,\"name\":\"USP\"}]},{\"@type\":\"WebSite\",\"@id\":\"https:\\\/\\\/scancoaching.nl\\\/de\\\/#website\",\"url\":\"https:\\\/\\\/scancoaching.nl\\\/de\\\/\",\"name\":\"ScanCoaching Nederland BV\",\"description\":\"Snel, diepgaand en razend effectief!\",\"publisher\":{\"@id\":\"https:\\\/\\\/scancoaching.nl\\\/de\\\/#organization\"},\"potentialAction\":[{\"@type\":\"SearchAction\",\"target\":{\"@type\":\"EntryPoint\",\"urlTemplate\":\"https:\\\/\\\/scancoaching.nl\\\/de\\\/?s={search_term_string}\"},\"query-input\":{\"@type\":\"PropertyValueSpecification\",\"valueRequired\":true,\"valueName\":\"search_term_string\"}}],\"inLanguage\":\"de\"},{\"@type\":\"Organization\",\"@id\":\"https:\\\/\\\/scancoaching.nl\\\/de\\\/#organization\",\"name\":\"ScanCoaching Nederland BV\",\"url\":\"https:\\\/\\\/scancoaching.nl\\\/de\\\/\",\"logo\":{\"@type\":\"ImageObject\",\"inLanguage\":\"de\",\"@id\":\"https:\\\/\\\/scancoaching.nl\\\/de\\\/#\\\/schema\\\/logo\\\/image\\\/\",\"url\":\"https:\\\/\\\/scancoaching.nl\\\/wp-content\\\/uploads\\\/2022\\\/08\\\/ScanCoaching-logo-2000x290-1.png\",\"contentUrl\":\"https:\\\/\\\/scancoaching.nl\\\/wp-content\\\/uploads\\\/2022\\\/08\\\/ScanCoaching-logo-2000x290-1.png\",\"width\":2000,\"height\":290,\"caption\":\"ScanCoaching Nederland BV\"},\"image\":{\"@id\":\"https:\\\/\\\/scancoaching.nl\\\/de\\\/#\\\/schema\\\/logo\\\/image\\\/\"},\"sameAs\":[\"https:\\\/\\\/www.facebook.com\\\/ScanCoaching\\\/\",\"https:\\\/\\\/www.linkedin.com\\\/in\\\/markovanderbeek\\\/\"]}]}<\/script>\n<!-- \/ Yoast SEO plugin. -->","yoast_head_json":{"title":"USP - ScanCoaching","description":"Was ScanCoaching einzigartig macht: Die Revolution in der Psychologie und die Revolution in Ihnen.","robots":{"index":"index","follow":"follow","max-snippet":"max-snippet:-1","max-image-preview":"max-image-preview:large","max-video-preview":"max-video-preview:-1"},"canonical":"https:\/\/scancoaching.nl\/de\/usp\/","og_locale":"de_DE","og_type":"article","og_title":"USP - ScanCoaching","og_description":"Was ScanCoaching einzigartig macht: Die Revolution in der Psychologie und die Revolution in Ihnen.","og_url":"https:\/\/scancoaching.nl\/de\/usp\/","og_site_name":"ScanCoaching","article_publisher":"https:\/\/www.facebook.com\/ScanCoaching\/","article_modified_time":"2022-08-24T11:21:34+00:00","og_image":[{"width":700,"height":467,"url":"https:\/\/scancoaching.nl\/wp-content\/uploads\/2018\/08\/SCAN-DAG8371-700x467.jpg","type":"image\/jpeg"}],"twitter_card":"summary_large_image","twitter_misc":{"Gesch\u00e4tzte Lesezeit":"1\u00a0Minute"},"schema":{"@context":"https:\/\/schema.org","@graph":[{"@type":"WebPage","@id":"https:\/\/scancoaching.nl\/de\/usp\/","url":"https:\/\/scancoaching.nl\/de\/usp\/","name":"USP - ScanCoaching","isPartOf":{"@id":"https:\/\/scancoaching.nl\/de\/#website"},"datePublished":"2018-11-06T17:33:17+00:00","dateModified":"2022-08-24T11:21:34+00:00","description":"Was ScanCoaching einzigartig macht: Die Revolution in der Psychologie und die Revolution in Ihnen.","breadcrumb":{"@id":"https:\/\/scancoaching.nl\/de\/usp\/#breadcrumb"},"inLanguage":"de","potentialAction":[{"@type":"ReadAction","target":["https:\/\/scancoaching.nl\/de\/usp\/"]}]},{"@type":"BreadcrumbList","@id":"https:\/\/scancoaching.nl\/de\/usp\/#breadcrumb","itemListElement":[{"@type":"ListItem","position":1,"name":"Home","item":"https:\/\/scancoaching.nl\/de\/"},{"@type":"ListItem","position":2,"name":"USP"}]},{"@type":"WebSite","@id":"https:\/\/scancoaching.nl\/de\/#website","url":"https:\/\/scancoaching.nl\/de\/","name":"ScanCoaching Nederland BV","description":"Snel, diepgaand en razend effectief!","publisher":{"@id":"https:\/\/scancoaching.nl\/de\/#organization"},"potentialAction":[{"@type":"SearchAction","target":{"@type":"EntryPoint","urlTemplate":"https:\/\/scancoaching.nl\/de\/?s={search_term_string}"},"query-input":{"@type":"PropertyValueSpecification","valueRequired":true,"valueName":"search_term_string"}}],"inLanguage":"de"},{"@type":"Organization","@id":"https:\/\/scancoaching.nl\/de\/#organization","name":"ScanCoaching Nederland BV","url":"https:\/\/scancoaching.nl\/de\/","logo":{"@type":"ImageObject","inLanguage":"de","@id":"https:\/\/scancoaching.nl\/de\/#\/schema\/logo\/image\/","url":"https:\/\/scancoaching.nl\/wp-content\/uploads\/2022\/08\/ScanCoaching-logo-2000x290-1.png","contentUrl":"https:\/\/scancoaching.nl\/wp-content\/uploads\/2022\/08\/ScanCoaching-logo-2000x290-1.png","width":2000,"height":290,"caption":"ScanCoaching Nederland BV"},"image":{"@id":"https:\/\/scancoaching.nl\/de\/#\/schema\/logo\/image\/"},"sameAs":["https:\/\/www.facebook.com\/ScanCoaching\/","https:\/\/www.linkedin.com\/in\/markovanderbeek\/"]}]}},"jetpack_sharing_enabled":true,"_links":{"self":[{"href":"https:\/\/scancoaching.nl\/de\/wp-json\/wp\/v2\/pages\/16406","targetHints":{"allow":["GET"]}}],"collection":[{"href":"https:\/\/scancoaching.nl\/de\/wp-json\/wp\/v2\/pages"}],"about":[{"href":"https:\/\/scancoaching.nl\/de\/wp-json\/wp\/v2\/types\/page"}],"author":[{"embeddable":true,"href":"https:\/\/scancoaching.nl\/de\/wp-json\/wp\/v2\/users\/1"}],"replies":[{"embeddable":true,"href":"https:\/\/scancoaching.nl\/de\/wp-json\/wp\/v2\/comments?post=16406"}],"version-history":[{"count":3,"href":"https:\/\/scancoaching.nl\/de\/wp-json\/wp\/v2\/pages\/16406\/revisions"}],"predecessor-version":[{"id":19309,"href":"https:\/\/scancoaching.nl\/de\/wp-json\/wp\/v2\/pages\/16406\/revisions\/19309"}],"wp:attachment":[{"href":"https:\/\/scancoaching.nl\/de\/wp-json\/wp\/v2\/media?parent=16406"}],"curies":[{"name":"wp","href":"https:\/\/api.w.org\/{rel}","templated":true}]}}