{"id":19682,"date":"2023-01-17T15:54:46","date_gmt":"2023-01-17T14:54:46","guid":{"rendered":"https:\/\/scancoaching.nl\/einzelsitzungen-scancoaching\/"},"modified":"2023-04-22T18:58:29","modified_gmt":"2023-04-22T16:58:29","slug":"einzelsitzungen-scancoaching","status":"publish","type":"page","link":"https:\/\/scancoaching.nl\/de\/einzelsitzungen-scancoaching\/","title":{"rendered":"Einzelsitzungen ScanCoaching"},"content":{"rendered":"\t\t<div data-elementor-type=\"wp-page\" data-elementor-id=\"19682\" class=\"elementor elementor-19682 elementor-19609\" data-elementor-post-type=\"page\">\n\t\t\t\t\t\t<section class=\"elementor-section elementor-top-section elementor-element elementor-element-6df87212 elementor-section-boxed elementor-section-height-default elementor-section-height-default\" data-id=\"6df87212\" data-element_type=\"section\" data-e-type=\"section\">\n\t\t\t\t\t\t<div class=\"elementor-container elementor-column-gap-default\">\n\t\t\t\t\t<div class=\"elementor-column elementor-col-100 elementor-top-column elementor-element elementor-element-207361ca\" data-id=\"207361ca\" data-element_type=\"column\" data-e-type=\"column\">\n\t\t\t<div class=\"elementor-widget-wrap elementor-element-populated\">\n\t\t\t\t\t\t<div class=\"elementor-element elementor-element-536a56e9 elementor-widget elementor-widget-text-editor\" data-id=\"536a56e9\" data-element_type=\"widget\" data-e-type=\"widget\" data-widget_type=\"text-editor.default\">\n\t\t\t\t<div class=\"elementor-widget-container\">\n\t\t\t\t\t\t\t\t\t<p>Wenn Sie das Bed\u00fcrfnis haben, mehr Informationen \u00fcber Ihren Prozess zu erhalten, besteht die M\u00f6glichkeit, 1 Sitzung durchzuf\u00fchren. Die 5 Schritte der ScanCoaching-Methodik werden besprochen. Dies gibt Ihnen einen Einblick in die &#8222;Muster des Lebens&#8220;.<\/p>\n<p>Wir nennen diese Sitzungen:<\/p>\n<ol>\n<li>&#8218;QuickBalanceScan&#8216;, bei dem Sie einen tiefen Einblick in sich selbst oder<\/li>\n<li>&#8218;ScanCoaching Lite&#8216;, als T\u00dcV f\u00fcr Ihre Gesundheit.<\/li>\n<\/ol>\n<p><span style=\"color: var( --e-global-color-text ); font-family: var( --e-global-typography-text-font-family ), Sans-serif;\">Diese Sitzungen k\u00f6nnen mit den zertifizierten ScanCoaches gebucht werden.<\/span><\/p>\n<p><span style=\"font-family: var( --e-global-typography-text-font-family ), Sans-serif;\"><span style=\"color: var( --e-global-color-text );\"><a href=\"https:\/\/scancoaching.nl\/de\/scancoaching-purpose-protokoll\/\">Gesch\u00e4ftsprotokolle<\/a> wurden f\u00fcr den Gesch\u00e4ftsmarkt entwickelt. Diese bestehen aus 5 Sitzungen \u00e0 2 Stunden. Diese Protokolle wurden getestet und erprobt und liefern das gew\u00fcnschte Ergebnis innerhalb der festgelegten Zeit. F\u00fcr diese Protokolle sind speziell zertifiziert  <\/span><\/span>ScanCoaches, die im Business-Bereich arbeiten.<\/p>\n\t\t\t\t\t\t\t\t<\/div>\n\t\t\t\t<\/div>\n\t\t\t\t\t<\/div>\n\t\t<\/div>\n\t\t\t\t\t<\/div>\n\t\t<\/section>\n\t\t\t\t<\/div>\n\t\t","protected":false},"excerpt":{"rendered":"<p>Wenn Sie das Bed\u00fcrfnis haben, mehr Informationen \u00fcber Ihren Prozess zu erhalten, besteht die M\u00f6glichkeit, 1 Sitzung durchzuf\u00fchren. Die 5 Schritte der ScanCoaching-Methodik werden besprochen. Dies gibt Ihnen einen Einblick in die &#8222;Muster des Lebens&#8220;. Wir nennen diese Sitzungen: &#8218;QuickBalanceScan&#8216;, bei dem Sie einen tiefen Einblick in sich selbst oder &#8218;ScanCoaching Lite&#8216;, als T\u00dcV f\u00fcr [&hellip;]<\/p>\n","protected":false},"author":1,"featured_media":15356,"parent":0,"menu_order":23,"comment_status":"closed","ping_status":"closed","template":"","meta":{"_monsterinsights_skip_tracking":false,"_monsterinsights_sitenote_active":false,"_monsterinsights_sitenote_note":"","_monsterinsights_sitenote_category":0,"footnotes":""},"class_list":["post-19682","page","type-page","status-publish","has-post-thumbnail","hentry"],"yoast_head":"<!-- This site is optimized with the Yoast SEO plugin v27.4 - https:\/\/yoast.com\/product\/yoast-seo-wordpress\/ -->\n<title>Einzelsitzungen ScanCoaching - ScanCoaching<\/title>\n<meta name=\"robots\" content=\"index, follow, max-snippet:-1, max-image-preview:large, max-video-preview:-1\" \/>\n<link rel=\"canonical\" href=\"https:\/\/scancoaching.nl\/de\/einzelsitzungen-scancoaching\/\" \/>\n<meta property=\"og:locale\" content=\"de_DE\" \/>\n<meta property=\"og:type\" content=\"article\" \/>\n<meta property=\"og:title\" content=\"Einzelsitzungen ScanCoaching - ScanCoaching\" \/>\n<meta property=\"og:description\" content=\"Wenn Sie das Bed\u00fcrfnis haben, mehr Informationen \u00fcber Ihren Prozess zu erhalten, besteht die M\u00f6glichkeit, 1 Sitzung durchzuf\u00fchren. Die 5 Schritte der ScanCoaching-Methodik werden besprochen. Dies gibt Ihnen einen Einblick in die &#8222;Muster des Lebens&#8220;. Wir nennen diese Sitzungen: &#8218;QuickBalanceScan&#8216;, bei dem Sie einen tiefen Einblick in sich selbst oder &#8218;ScanCoaching Lite&#8216;, als T\u00dcV f\u00fcr [&hellip;]\" \/>\n<meta property=\"og:url\" content=\"https:\/\/scancoaching.nl\/de\/einzelsitzungen-scancoaching\/\" \/>\n<meta property=\"og:site_name\" content=\"ScanCoaching\" \/>\n<meta property=\"article:publisher\" content=\"https:\/\/www.facebook.com\/ScanCoaching\/\" \/>\n<meta property=\"article:modified_time\" content=\"2023-04-22T16:58:29+00:00\" \/>\n<meta property=\"og:image\" content=\"https:\/\/scancoaching.nl\/wp-content\/uploads\/2018\/11\/Banner-1920x1080boom-koppel.jpg\" \/>\n\t<meta property=\"og:image:width\" content=\"1920\" \/>\n\t<meta property=\"og:image:height\" content=\"1080\" \/>\n\t<meta property=\"og:image:type\" content=\"image\/jpeg\" \/>\n<meta name=\"twitter:card\" content=\"summary_large_image\" \/>\n<meta name=\"twitter:label1\" content=\"Gesch\u00e4tzte Lesezeit\" \/>\n\t<meta name=\"twitter:data1\" content=\"1\u00a0Minute\" \/>\n<script type=\"application\/ld+json\" class=\"yoast-schema-graph\">{\"@context\":\"https:\\\/\\\/schema.org\",\"@graph\":[{\"@type\":\"WebPage\",\"@id\":\"https:\\\/\\\/scancoaching.nl\\\/de\\\/einzelsitzungen-scancoaching\\\/\",\"url\":\"https:\\\/\\\/scancoaching.nl\\\/de\\\/einzelsitzungen-scancoaching\\\/\",\"name\":\"Einzelsitzungen ScanCoaching - ScanCoaching\",\"isPartOf\":{\"@id\":\"https:\\\/\\\/scancoaching.nl\\\/de\\\/#website\"},\"primaryImageOfPage\":{\"@id\":\"https:\\\/\\\/scancoaching.nl\\\/de\\\/einzelsitzungen-scancoaching\\\/#primaryimage\"},\"image\":{\"@id\":\"https:\\\/\\\/scancoaching.nl\\\/de\\\/einzelsitzungen-scancoaching\\\/#primaryimage\"},\"thumbnailUrl\":\"https:\\\/\\\/scancoaching.nl\\\/wp-content\\\/uploads\\\/2018\\\/11\\\/Banner-1920x1080boom-koppel.jpg\",\"datePublished\":\"2023-01-17T14:54:46+00:00\",\"dateModified\":\"2023-04-22T16:58:29+00:00\",\"breadcrumb\":{\"@id\":\"https:\\\/\\\/scancoaching.nl\\\/de\\\/einzelsitzungen-scancoaching\\\/#breadcrumb\"},\"inLanguage\":\"de\",\"potentialAction\":[{\"@type\":\"ReadAction\",\"target\":[\"https:\\\/\\\/scancoaching.nl\\\/de\\\/einzelsitzungen-scancoaching\\\/\"]}]},{\"@type\":\"ImageObject\",\"inLanguage\":\"de\",\"@id\":\"https:\\\/\\\/scancoaching.nl\\\/de\\\/einzelsitzungen-scancoaching\\\/#primaryimage\",\"url\":\"https:\\\/\\\/scancoaching.nl\\\/wp-content\\\/uploads\\\/2018\\\/11\\\/Banner-1920x1080boom-koppel.jpg\",\"contentUrl\":\"https:\\\/\\\/scancoaching.nl\\\/wp-content\\\/uploads\\\/2018\\\/11\\\/Banner-1920x1080boom-koppel.jpg\",\"width\":1920,\"height\":1080},{\"@type\":\"BreadcrumbList\",\"@id\":\"https:\\\/\\\/scancoaching.nl\\\/de\\\/einzelsitzungen-scancoaching\\\/#breadcrumb\",\"itemListElement\":[{\"@type\":\"ListItem\",\"position\":1,\"name\":\"Home\",\"item\":\"https:\\\/\\\/scancoaching.nl\\\/de\\\/\"},{\"@type\":\"ListItem\",\"position\":2,\"name\":\"Einzelsitzungen ScanCoaching\"}]},{\"@type\":\"WebSite\",\"@id\":\"https:\\\/\\\/scancoaching.nl\\\/de\\\/#website\",\"url\":\"https:\\\/\\\/scancoaching.nl\\\/de\\\/\",\"name\":\"ScanCoaching Nederland BV\",\"description\":\"Snel, diepgaand en razend effectief!\",\"publisher\":{\"@id\":\"https:\\\/\\\/scancoaching.nl\\\/de\\\/#organization\"},\"potentialAction\":[{\"@type\":\"SearchAction\",\"target\":{\"@type\":\"EntryPoint\",\"urlTemplate\":\"https:\\\/\\\/scancoaching.nl\\\/de\\\/?s={search_term_string}\"},\"query-input\":{\"@type\":\"PropertyValueSpecification\",\"valueRequired\":true,\"valueName\":\"search_term_string\"}}],\"inLanguage\":\"de\"},{\"@type\":\"Organization\",\"@id\":\"https:\\\/\\\/scancoaching.nl\\\/de\\\/#organization\",\"name\":\"ScanCoaching Nederland BV\",\"url\":\"https:\\\/\\\/scancoaching.nl\\\/de\\\/\",\"logo\":{\"@type\":\"ImageObject\",\"inLanguage\":\"de\",\"@id\":\"https:\\\/\\\/scancoaching.nl\\\/de\\\/#\\\/schema\\\/logo\\\/image\\\/\",\"url\":\"https:\\\/\\\/scancoaching.nl\\\/wp-content\\\/uploads\\\/2022\\\/08\\\/ScanCoaching-logo-2000x290-1.png\",\"contentUrl\":\"https:\\\/\\\/scancoaching.nl\\\/wp-content\\\/uploads\\\/2022\\\/08\\\/ScanCoaching-logo-2000x290-1.png\",\"width\":2000,\"height\":290,\"caption\":\"ScanCoaching Nederland BV\"},\"image\":{\"@id\":\"https:\\\/\\\/scancoaching.nl\\\/de\\\/#\\\/schema\\\/logo\\\/image\\\/\"},\"sameAs\":[\"https:\\\/\\\/www.facebook.com\\\/ScanCoaching\\\/\",\"https:\\\/\\\/www.linkedin.com\\\/in\\\/markovanderbeek\\\/\"]}]}<\/script>\n<!-- \/ Yoast SEO plugin. -->","yoast_head_json":{"title":"Einzelsitzungen ScanCoaching - ScanCoaching","robots":{"index":"index","follow":"follow","max-snippet":"max-snippet:-1","max-image-preview":"max-image-preview:large","max-video-preview":"max-video-preview:-1"},"canonical":"https:\/\/scancoaching.nl\/de\/einzelsitzungen-scancoaching\/","og_locale":"de_DE","og_type":"article","og_title":"Einzelsitzungen ScanCoaching - ScanCoaching","og_description":"Wenn Sie das Bed\u00fcrfnis haben, mehr Informationen \u00fcber Ihren Prozess zu erhalten, besteht die M\u00f6glichkeit, 1 Sitzung durchzuf\u00fchren. Die 5 Schritte der ScanCoaching-Methodik werden besprochen. Dies gibt Ihnen einen Einblick in die &#8222;Muster des Lebens&#8220;. Wir nennen diese Sitzungen: &#8218;QuickBalanceScan&#8216;, bei dem Sie einen tiefen Einblick in sich selbst oder &#8218;ScanCoaching Lite&#8216;, als T\u00dcV f\u00fcr [&hellip;]","og_url":"https:\/\/scancoaching.nl\/de\/einzelsitzungen-scancoaching\/","og_site_name":"ScanCoaching","article_publisher":"https:\/\/www.facebook.com\/ScanCoaching\/","article_modified_time":"2023-04-22T16:58:29+00:00","og_image":[{"width":1920,"height":1080,"url":"https:\/\/scancoaching.nl\/wp-content\/uploads\/2018\/11\/Banner-1920x1080boom-koppel.jpg","type":"image\/jpeg"}],"twitter_card":"summary_large_image","twitter_misc":{"Gesch\u00e4tzte Lesezeit":"1\u00a0Minute"},"schema":{"@context":"https:\/\/schema.org","@graph":[{"@type":"WebPage","@id":"https:\/\/scancoaching.nl\/de\/einzelsitzungen-scancoaching\/","url":"https:\/\/scancoaching.nl\/de\/einzelsitzungen-scancoaching\/","name":"Einzelsitzungen ScanCoaching - ScanCoaching","isPartOf":{"@id":"https:\/\/scancoaching.nl\/de\/#website"},"primaryImageOfPage":{"@id":"https:\/\/scancoaching.nl\/de\/einzelsitzungen-scancoaching\/#primaryimage"},"image":{"@id":"https:\/\/scancoaching.nl\/de\/einzelsitzungen-scancoaching\/#primaryimage"},"thumbnailUrl":"https:\/\/scancoaching.nl\/wp-content\/uploads\/2018\/11\/Banner-1920x1080boom-koppel.jpg","datePublished":"2023-01-17T14:54:46+00:00","dateModified":"2023-04-22T16:58:29+00:00","breadcrumb":{"@id":"https:\/\/scancoaching.nl\/de\/einzelsitzungen-scancoaching\/#breadcrumb"},"inLanguage":"de","potentialAction":[{"@type":"ReadAction","target":["https:\/\/scancoaching.nl\/de\/einzelsitzungen-scancoaching\/"]}]},{"@type":"ImageObject","inLanguage":"de","@id":"https:\/\/scancoaching.nl\/de\/einzelsitzungen-scancoaching\/#primaryimage","url":"https:\/\/scancoaching.nl\/wp-content\/uploads\/2018\/11\/Banner-1920x1080boom-koppel.jpg","contentUrl":"https:\/\/scancoaching.nl\/wp-content\/uploads\/2018\/11\/Banner-1920x1080boom-koppel.jpg","width":1920,"height":1080},{"@type":"BreadcrumbList","@id":"https:\/\/scancoaching.nl\/de\/einzelsitzungen-scancoaching\/#breadcrumb","itemListElement":[{"@type":"ListItem","position":1,"name":"Home","item":"https:\/\/scancoaching.nl\/de\/"},{"@type":"ListItem","position":2,"name":"Einzelsitzungen ScanCoaching"}]},{"@type":"WebSite","@id":"https:\/\/scancoaching.nl\/de\/#website","url":"https:\/\/scancoaching.nl\/de\/","name":"ScanCoaching Nederland BV","description":"Snel, diepgaand en razend effectief!","publisher":{"@id":"https:\/\/scancoaching.nl\/de\/#organization"},"potentialAction":[{"@type":"SearchAction","target":{"@type":"EntryPoint","urlTemplate":"https:\/\/scancoaching.nl\/de\/?s={search_term_string}"},"query-input":{"@type":"PropertyValueSpecification","valueRequired":true,"valueName":"search_term_string"}}],"inLanguage":"de"},{"@type":"Organization","@id":"https:\/\/scancoaching.nl\/de\/#organization","name":"ScanCoaching Nederland BV","url":"https:\/\/scancoaching.nl\/de\/","logo":{"@type":"ImageObject","inLanguage":"de","@id":"https:\/\/scancoaching.nl\/de\/#\/schema\/logo\/image\/","url":"https:\/\/scancoaching.nl\/wp-content\/uploads\/2022\/08\/ScanCoaching-logo-2000x290-1.png","contentUrl":"https:\/\/scancoaching.nl\/wp-content\/uploads\/2022\/08\/ScanCoaching-logo-2000x290-1.png","width":2000,"height":290,"caption":"ScanCoaching Nederland BV"},"image":{"@id":"https:\/\/scancoaching.nl\/de\/#\/schema\/logo\/image\/"},"sameAs":["https:\/\/www.facebook.com\/ScanCoaching\/","https:\/\/www.linkedin.com\/in\/markovanderbeek\/"]}]}},"jetpack_sharing_enabled":true,"_links":{"self":[{"href":"https:\/\/scancoaching.nl\/de\/wp-json\/wp\/v2\/pages\/19682","targetHints":{"allow":["GET"]}}],"collection":[{"href":"https:\/\/scancoaching.nl\/de\/wp-json\/wp\/v2\/pages"}],"about":[{"href":"https:\/\/scancoaching.nl\/de\/wp-json\/wp\/v2\/types\/page"}],"author":[{"embeddable":true,"href":"https:\/\/scancoaching.nl\/de\/wp-json\/wp\/v2\/users\/1"}],"replies":[{"embeddable":true,"href":"https:\/\/scancoaching.nl\/de\/wp-json\/wp\/v2\/comments?post=19682"}],"version-history":[{"count":1,"href":"https:\/\/scancoaching.nl\/de\/wp-json\/wp\/v2\/pages\/19682\/revisions"}],"predecessor-version":[{"id":19683,"href":"https:\/\/scancoaching.nl\/de\/wp-json\/wp\/v2\/pages\/19682\/revisions\/19683"}],"wp:featuredmedia":[{"embeddable":true,"href":"https:\/\/scancoaching.nl\/de\/wp-json\/wp\/v2\/media\/15356"}],"wp:attachment":[{"href":"https:\/\/scancoaching.nl\/de\/wp-json\/wp\/v2\/media?parent=19682"}],"curies":[{"name":"wp","href":"https:\/\/api.w.org\/{rel}","templated":true}]}}